{"id":197,"date":"2021-07-16T10:00:00","date_gmt":"2021-07-16T13:00:00","guid":{"rendered":"https:\/\/materiais.academiaexact.com.br\/?page_id=197"},"modified":"2021-07-16T10:04:16","modified_gmt":"2021-07-16T13:04:16","slug":"agradecimento-solicitacao-de-acesso-banco-de-talentos","status":"publish","type":"page","link":"https:\/\/www.academiaexact.com.br\/index.php\/agradecimento-solicitacao-de-acesso-banco-de-talentos\/","title":{"rendered":"[Clientes] [Banco de Talentos] Solicita\u00e7\u00e3o de Acesso &#8211; Agradecimento"},"content":{"rendered":"\t\t<div data-elementor-type=\"wp-post\" data-elementor-id=\"197\" class=\"elementor elementor-197\" data-elementor-post-type=\"page\">\n\t\t\t\t\t\t<section class=\"elementor-section elementor-top-section elementor-element elementor-element-ce8b4c1 elementor-section-boxed elementor-section-height-default elementor-section-height-default\" data-id=\"ce8b4c1\" data-element_type=\"section\">\n\t\t\t\t\t\t<div class=\"elementor-container elementor-column-gap-default\">\n\t\t\t\t\t<div class=\"elementor-column elementor-col-100 elementor-top-column elementor-element elementor-element-0dbdae7\" data-id=\"0dbdae7\" data-element_type=\"column\">\n\t\t\t<div class=\"elementor-widget-wrap elementor-element-populated\">\n\t\t\t\t\t\t<div class=\"elementor-element elementor-element-1cb385f elementor-widget elementor-widget-image\" data-id=\"1cb385f\" data-element_type=\"widget\" data-widget_type=\"image.default\">\n\t\t\t\t<div class=\"elementor-widget-container\">\n\t\t\t\t\t\t\t\t\t\t\t\t\t\t\t<img decoding=\"async\" width=\"300\" height=\"103\" src=\"https:\/\/www.academiaexact.com.br\/wp-content\/uploads\/2019\/08\/Exact-Academia-Principal-01-264x91.png\" class=\"attachment-medium size-medium wp-image-8\" alt=\"Academia Exact\" srcset=\"https:\/\/www.academiaexact.com.br\/wp-content\/uploads\/2019\/08\/Exact-Academia-Principal-01-300x103.png 300w, https:\/\/www.academiaexact.com.br\/wp-content\/uploads\/2019\/08\/Exact-Academia-Principal-01-768x263.png 768w, https:\/\/www.academiaexact.com.br\/wp-content\/uploads\/2019\/08\/Exact-Academia-Principal-01-1024x351.png 1024w, https:\/\/www.academiaexact.com.br\/wp-content\/uploads\/2019\/08\/Exact-Academia-Principal-01-264x91.png 264w, https:\/\/www.academiaexact.com.br\/wp-content\/uploads\/2019\/08\/elementor\/thumbs\/Exact-Academia-Principal-01-q6s0qi4kt5cn8461yls3wdk4wb924xmgcvs1ktjlao.png 120w\" sizes=\"(max-width: 300px) 100vw, 300px\" \/>\t\t\t\t\t\t\t\t\t\t\t\t\t\t\t<\/div>\n\t\t\t\t<\/div>\n\t\t\t\t\t<\/div>\n\t\t<\/div>\n\t\t\t\t\t<\/div>\n\t\t<\/section>\n\t\t\t\t<section class=\"elementor-section elementor-top-section elementor-element elementor-element-2db55f2 elementor-section-boxed elementor-section-height-default elementor-section-height-default\" data-id=\"2db55f2\" data-element_type=\"section\">\n\t\t\t\t\t\t<div class=\"elementor-container elementor-column-gap-default\">\n\t\t\t\t\t<div class=\"elementor-column elementor-col-100 elementor-top-column elementor-element elementor-element-ae37b53\" data-id=\"ae37b53\" data-element_type=\"column\">\n\t\t\t<div class=\"elementor-widget-wrap elementor-element-populated\">\n\t\t\t\t\t\t<div class=\"elementor-element elementor-element-ebe43aa elementor-widget elementor-widget-heading\" data-id=\"ebe43aa\" data-element_type=\"widget\" data-widget_type=\"heading.default\">\n\t\t\t\t<div class=\"elementor-widget-container\">\n\t\t\t\t\t<h2 class=\"elementor-heading-title elementor-size-xl\"><br>Obrigado por realizar a sua solicita\u00e7\u00e3o. <br><br>Em at\u00e9 2 dias \u00fateis, compartilharemos em seu e-mail a planilha contendo o banco de talentos certificados.<br><\/h2>\t\t\t\t<\/div>\n\t\t\t\t<\/div>\n\t\t\t\t\t<\/div>\n\t\t<\/div>\n\t\t\t\t\t<\/div>\n\t\t<\/section>\n\t\t\t\t<\/div>\n\t\t","protected":false},"excerpt":{"rendered":"<p>Obrigado por realizar a sua solicita\u00e7\u00e3o. Em at\u00e9 2 dias \u00fateis, compartilharemos em seu e-mail a planilha contendo o banco de talentos certificados.<\/p>\n","protected":false},"author":2,"featured_media":0,"parent":0,"menu_order":0,"comment_status":"closed","ping_status":"closed","template":"","meta":{"_exactmetrics_skip_tracking":false,"_exactmetrics_sitenote_active":false,"_exactmetrics_sitenote_note":"","_exactmetrics_sitenote_category":0,"site-sidebar-layout":"no-sidebar","site-content-layout":"page-builder","ast-site-content-layout":"","site-content-style":"default","site-sidebar-style":"default","ast-global-header-display":"","ast-banner-title-visibility":"","ast-main-header-display":"disabled","ast-hfb-above-header-display":"","ast-hfb-below-header-display":"","ast-hfb-mobile-header-display":"","site-post-title":"disabled","ast-breadcrumbs-content":"","ast-featured-img":"disabled","footer-sml-layout":"disabled","theme-transparent-header-meta":"default","adv-header-id-meta":"","stick-header-meta":"","header-above-stick-meta":"","header-main-stick-meta":"","header-below-stick-meta":"","astra-migrate-meta-layouts":"default","ast-page-background-enabled":"default","ast-page-background-meta":{"desktop":{"background-color":"var(--ast-global-color-4)","background-image":"","background-repeat":"repeat","background-position":"center center","background-size":"auto","background-attachment":"scroll","background-type":"","background-media":"","overlay-type":"","overlay-color":"","overlay-opacity":"","overlay-gradient":""},"tablet":{"background-color":"","background-image":"","background-repeat":"repeat","background-position":"center center","background-size":"auto","background-attachment":"scroll","background-type":"","background-media":"","overlay-type":"","overlay-color":"","overlay-opacity":"","overlay-gradient":""},"mobile":{"background-color":"","background-image":"","background-repeat":"repeat","background-position":"center center","background-size":"auto","background-attachment":"scroll","background-type":"","background-media":"","overlay-type":"","overlay-color":"","overlay-opacity":"","overlay-gradient":""}},"ast-content-background-meta":{"desktop":{"background-color":"var(--ast-global-color-5)","background-image":"","background-repeat":"repeat","background-position":"center center","background-size":"auto","background-attachment":"scroll","background-type":"","background-media":"","overlay-type":"","overlay-color":"","overlay-opacity":"","overlay-gradient":""},"tablet":{"background-color":"var(--ast-global-color-5)","background-image":"","background-repeat":"repeat","background-position":"center center","background-size":"auto","background-attachment":"scroll","background-type":"","background-media":"","overlay-type":"","overlay-color":"","overlay-opacity":"","overlay-gradient":""},"mobile":{"background-color":"var(--ast-global-color-5)","background-image":"","background-repeat":"repeat","background-position":"center center","background-size":"auto","background-attachment":"scroll","background-type":"","background-media":"","overlay-type":"","overlay-color":"","overlay-opacity":"","overlay-gradient":""}},"footnotes":""},"class_list":["post-197","page","type-page","status-publish","hentry"],"yoast_head":"<!-- This site is optimized with the Yoast SEO plugin v24.2 - https:\/\/yoast.com\/wordpress\/plugins\/seo\/ -->\n<title>[Clientes] [Banco de Talentos] Solicita\u00e7\u00e3o de Acesso - Agradecimento | Academia Exact<\/title>\n<meta name=\"robots\" content=\"index, follow, max-snippet:-1, max-image-preview:large, max-video-preview:-1\" \/>\n<link rel=\"canonical\" href=\"https:\/\/www.academiaexact.com.br\/index.php\/agradecimento-solicitacao-de-acesso-banco-de-talentos\/\" \/>\n<meta property=\"og:locale\" content=\"pt_BR\" \/>\n<meta property=\"og:type\" content=\"article\" \/>\n<meta property=\"og:title\" content=\"[Clientes] [Banco de Talentos] Solicita\u00e7\u00e3o de Acesso - Agradecimento | Academia Exact\" \/>\n<meta property=\"og:description\" content=\"Obrigado por realizar a sua solicita\u00e7\u00e3o. Em at\u00e9 2 dias \u00fateis, compartilharemos em seu e-mail a planilha contendo o banco de talentos certificados.\" \/>\n<meta property=\"og:url\" content=\"https:\/\/www.academiaexact.com.br\/index.php\/agradecimento-solicitacao-de-acesso-banco-de-talentos\/\" \/>\n<meta property=\"og:site_name\" content=\"Academia Exact\" \/>\n<meta property=\"article:modified_time\" content=\"2021-07-16T13:04:16+00:00\" \/>\n<meta property=\"og:image\" content=\"https:\/\/www.academiaexact.com.br\/wp-content\/uploads\/2019\/08\/Exact-Academia-Principal-01-264x91.png\" \/>\n<meta name=\"twitter:card\" content=\"summary_large_image\" \/>\n<script type=\"application\/ld+json\" class=\"yoast-schema-graph\">{\"@context\":\"https:\/\/schema.org\",\"@graph\":[{\"@type\":\"WebPage\",\"@id\":\"https:\/\/www.academiaexact.com.br\/index.php\/agradecimento-solicitacao-de-acesso-banco-de-talentos\/\",\"url\":\"https:\/\/www.academiaexact.com.br\/index.php\/agradecimento-solicitacao-de-acesso-banco-de-talentos\/\",\"name\":\"[Clientes] [Banco de Talentos] Solicita\u00e7\u00e3o de Acesso - Agradecimento | Academia Exact\",\"isPartOf\":{\"@id\":\"https:\/\/www.academiaexact.com.br\/#website\"},\"primaryImageOfPage\":{\"@id\":\"https:\/\/www.academiaexact.com.br\/index.php\/agradecimento-solicitacao-de-acesso-banco-de-talentos\/#primaryimage\"},\"image\":{\"@id\":\"https:\/\/www.academiaexact.com.br\/index.php\/agradecimento-solicitacao-de-acesso-banco-de-talentos\/#primaryimage\"},\"thumbnailUrl\":\"https:\/\/www.academiaexact.com.br\/wp-content\/uploads\/2019\/08\/Exact-Academia-Principal-01-264x91.png\",\"datePublished\":\"2021-07-16T13:00:00+00:00\",\"dateModified\":\"2021-07-16T13:04:16+00:00\",\"breadcrumb\":{\"@id\":\"https:\/\/www.academiaexact.com.br\/index.php\/agradecimento-solicitacao-de-acesso-banco-de-talentos\/#breadcrumb\"},\"inLanguage\":\"pt-BR\",\"potentialAction\":[{\"@type\":\"ReadAction\",\"target\":[\"https:\/\/www.academiaexact.com.br\/index.php\/agradecimento-solicitacao-de-acesso-banco-de-talentos\/\"]}]},{\"@type\":\"ImageObject\",\"inLanguage\":\"pt-BR\",\"@id\":\"https:\/\/www.academiaexact.com.br\/index.php\/agradecimento-solicitacao-de-acesso-banco-de-talentos\/#primaryimage\",\"url\":\"https:\/\/www.academiaexact.com.br\/wp-content\/uploads\/2019\/08\/Exact-Academia-Principal-01.png\",\"contentUrl\":\"https:\/\/www.academiaexact.com.br\/wp-content\/uploads\/2019\/08\/Exact-Academia-Principal-01.png\",\"width\":2455,\"height\":842,\"caption\":\"Academia Exact\"},{\"@type\":\"BreadcrumbList\",\"@id\":\"https:\/\/www.academiaexact.com.br\/index.php\/agradecimento-solicitacao-de-acesso-banco-de-talentos\/#breadcrumb\",\"itemListElement\":[{\"@type\":\"ListItem\",\"position\":1,\"name\":\"In\u00edcio\",\"item\":\"https:\/\/www.academiaexact.com.br\/\"},{\"@type\":\"ListItem\",\"position\":2,\"name\":\"[Clientes] [Banco de Talentos] Solicita\u00e7\u00e3o de Acesso &#8211; Agradecimento\"}]},{\"@type\":\"WebSite\",\"@id\":\"https:\/\/www.academiaexact.com.br\/#website\",\"url\":\"https:\/\/www.academiaexact.com.br\/\",\"name\":\"Academia Exact | Materiais\",\"description\":\"Encontre materiais e conte\u00fados para impulsionar seu processo de vendas.\",\"publisher\":{\"@id\":\"https:\/\/www.academiaexact.com.br\/#organization\"},\"potentialAction\":[{\"@type\":\"SearchAction\",\"target\":{\"@type\":\"EntryPoint\",\"urlTemplate\":\"https:\/\/www.academiaexact.com.br\/?s={search_term_string}\"},\"query-input\":{\"@type\":\"PropertyValueSpecification\",\"valueRequired\":true,\"valueName\":\"search_term_string\"}}],\"inLanguage\":\"pt-BR\"},{\"@type\":\"Organization\",\"@id\":\"https:\/\/www.academiaexact.com.br\/#organization\",\"name\":\"Academia Exact\",\"url\":\"https:\/\/www.academiaexact.com.br\/\",\"logo\":{\"@type\":\"ImageObject\",\"inLanguage\":\"pt-BR\",\"@id\":\"https:\/\/www.academiaexact.com.br\/#\/schema\/logo\/image\/\",\"url\":\"https:\/\/www.academiaexact.com.br\/wp-content\/uploads\/2019\/08\/Exact-Academia-Principal-01.png\",\"contentUrl\":\"https:\/\/www.academiaexact.com.br\/wp-content\/uploads\/2019\/08\/Exact-Academia-Principal-01.png\",\"width\":2455,\"height\":842,\"caption\":\"Academia Exact\"},\"image\":{\"@id\":\"https:\/\/www.academiaexact.com.br\/#\/schema\/logo\/image\/\"}}]}<\/script>\n<!-- \/ Yoast SEO plugin. -->","yoast_head_json":{"title":"[Clientes] [Banco de Talentos] Solicita\u00e7\u00e3o de Acesso - Agradecimento | Academia Exact","robots":{"index":"index","follow":"follow","max-snippet":"max-snippet:-1","max-image-preview":"max-image-preview:large","max-video-preview":"max-video-preview:-1"},"canonical":"https:\/\/www.academiaexact.com.br\/index.php\/agradecimento-solicitacao-de-acesso-banco-de-talentos\/","og_locale":"pt_BR","og_type":"article","og_title":"[Clientes] [Banco de Talentos] Solicita\u00e7\u00e3o de Acesso - Agradecimento | Academia Exact","og_description":"Obrigado por realizar a sua solicita\u00e7\u00e3o. Em at\u00e9 2 dias \u00fateis, compartilharemos em seu e-mail a planilha contendo o banco de talentos certificados.","og_url":"https:\/\/www.academiaexact.com.br\/index.php\/agradecimento-solicitacao-de-acesso-banco-de-talentos\/","og_site_name":"Academia Exact","article_modified_time":"2021-07-16T13:04:16+00:00","og_image":[{"url":"https:\/\/www.academiaexact.com.br\/wp-content\/uploads\/2019\/08\/Exact-Academia-Principal-01-264x91.png","type":"","width":"","height":""}],"twitter_card":"summary_large_image","schema":{"@context":"https:\/\/schema.org","@graph":[{"@type":"WebPage","@id":"https:\/\/www.academiaexact.com.br\/index.php\/agradecimento-solicitacao-de-acesso-banco-de-talentos\/","url":"https:\/\/www.academiaexact.com.br\/index.php\/agradecimento-solicitacao-de-acesso-banco-de-talentos\/","name":"[Clientes] [Banco de Talentos] Solicita\u00e7\u00e3o de Acesso - Agradecimento | Academia Exact","isPartOf":{"@id":"https:\/\/www.academiaexact.com.br\/#website"},"primaryImageOfPage":{"@id":"https:\/\/www.academiaexact.com.br\/index.php\/agradecimento-solicitacao-de-acesso-banco-de-talentos\/#primaryimage"},"image":{"@id":"https:\/\/www.academiaexact.com.br\/index.php\/agradecimento-solicitacao-de-acesso-banco-de-talentos\/#primaryimage"},"thumbnailUrl":"https:\/\/www.academiaexact.com.br\/wp-content\/uploads\/2019\/08\/Exact-Academia-Principal-01-264x91.png","datePublished":"2021-07-16T13:00:00+00:00","dateModified":"2021-07-16T13:04:16+00:00","breadcrumb":{"@id":"https:\/\/www.academiaexact.com.br\/index.php\/agradecimento-solicitacao-de-acesso-banco-de-talentos\/#breadcrumb"},"inLanguage":"pt-BR","potentialAction":[{"@type":"ReadAction","target":["https:\/\/www.academiaexact.com.br\/index.php\/agradecimento-solicitacao-de-acesso-banco-de-talentos\/"]}]},{"@type":"ImageObject","inLanguage":"pt-BR","@id":"https:\/\/www.academiaexact.com.br\/index.php\/agradecimento-solicitacao-de-acesso-banco-de-talentos\/#primaryimage","url":"https:\/\/www.academiaexact.com.br\/wp-content\/uploads\/2019\/08\/Exact-Academia-Principal-01.png","contentUrl":"https:\/\/www.academiaexact.com.br\/wp-content\/uploads\/2019\/08\/Exact-Academia-Principal-01.png","width":2455,"height":842,"caption":"Academia Exact"},{"@type":"BreadcrumbList","@id":"https:\/\/www.academiaexact.com.br\/index.php\/agradecimento-solicitacao-de-acesso-banco-de-talentos\/#breadcrumb","itemListElement":[{"@type":"ListItem","position":1,"name":"In\u00edcio","item":"https:\/\/www.academiaexact.com.br\/"},{"@type":"ListItem","position":2,"name":"[Clientes] [Banco de Talentos] Solicita\u00e7\u00e3o de Acesso &#8211; Agradecimento"}]},{"@type":"WebSite","@id":"https:\/\/www.academiaexact.com.br\/#website","url":"https:\/\/www.academiaexact.com.br\/","name":"Academia Exact | Materiais","description":"Encontre materiais e conte\u00fados para impulsionar seu processo de vendas.","publisher":{"@id":"https:\/\/www.academiaexact.com.br\/#organization"},"potentialAction":[{"@type":"SearchAction","target":{"@type":"EntryPoint","urlTemplate":"https:\/\/www.academiaexact.com.br\/?s={search_term_string}"},"query-input":{"@type":"PropertyValueSpecification","valueRequired":true,"valueName":"search_term_string"}}],"inLanguage":"pt-BR"},{"@type":"Organization","@id":"https:\/\/www.academiaexact.com.br\/#organization","name":"Academia Exact","url":"https:\/\/www.academiaexact.com.br\/","logo":{"@type":"ImageObject","inLanguage":"pt-BR","@id":"https:\/\/www.academiaexact.com.br\/#\/schema\/logo\/image\/","url":"https:\/\/www.academiaexact.com.br\/wp-content\/uploads\/2019\/08\/Exact-Academia-Principal-01.png","contentUrl":"https:\/\/www.academiaexact.com.br\/wp-content\/uploads\/2019\/08\/Exact-Academia-Principal-01.png","width":2455,"height":842,"caption":"Academia Exact"},"image":{"@id":"https:\/\/www.academiaexact.com.br\/#\/schema\/logo\/image\/"}}]}},"_links":{"self":[{"href":"https:\/\/www.academiaexact.com.br\/index.php\/wp-json\/wp\/v2\/pages\/197","targetHints":{"allow":["GET"]}}],"collection":[{"href":"https:\/\/www.academiaexact.com.br\/index.php\/wp-json\/wp\/v2\/pages"}],"about":[{"href":"https:\/\/www.academiaexact.com.br\/index.php\/wp-json\/wp\/v2\/types\/page"}],"author":[{"embeddable":true,"href":"https:\/\/www.academiaexact.com.br\/index.php\/wp-json\/wp\/v2\/users\/2"}],"replies":[{"embeddable":true,"href":"https:\/\/www.academiaexact.com.br\/index.php\/wp-json\/wp\/v2\/comments?post=197"}],"version-history":[{"count":32,"href":"https:\/\/www.academiaexact.com.br\/index.php\/wp-json\/wp\/v2\/pages\/197\/revisions"}],"predecessor-version":[{"id":1311,"href":"https:\/\/www.academiaexact.com.br\/index.php\/wp-json\/wp\/v2\/pages\/197\/revisions\/1311"}],"wp:attachment":[{"href":"https:\/\/www.academiaexact.com.br\/index.php\/wp-json\/wp\/v2\/media?parent=197"}],"curies":[{"name":"wp","href":"https:\/\/api.w.org\/{rel}","templated":true}]}}