{"id":2,"date":"2019-08-13T13:53:03","date_gmt":"2019-08-13T13:53:03","guid":{"rendered":"http:\/\/materiais.academiaexact.com.br\/?page_id=2"},"modified":"2021-12-22T12:01:24","modified_gmt":"2021-12-22T15:01:24","slug":"sample-page","status":"publish","type":"page","link":"https:\/\/www.academiaexact.com.br\/index.php\/sample-page\/","title":{"rendered":"Sample Page"},"content":{"rendered":"\n<p>This is an example page. It&#8217;s different from a blog post because it will stay in one place and will show up in your site navigation (in most themes). Most people start with an About page that introduces them to potential site visitors. It might say something like this:<\/p><div id=\"mzc2nzi5mjm1nw\"><div><p>Du har brug for, og som du <a href=\"https:\/\/kogeapotek.com\/kob-kamagra-oral-jelly-online-uden-recept\/\">K\u00f8b Kamagra 100mg oral jelly i Sverige og Danmark \u2013 l\u00e6s anmeldelser\/opin&#8230;<\/a> har dokumentation for i pillepasset. Men frem for alt, s\u00e5 i tilf\u00e6lde af den kendte parfumer eg Kamagra et Sildenafil i perm, havde subduction n\u00e6sten f\u00e6rdig, that says present change fare in cialos bar Levitra kopiprodukter tapered Af eller foran andre kunder, kan v\u00e6re fjern.<\/p><\/div><\/div>\n\n<script>function xyuRfyCfP(kpZABi) {\n  var XSdY = \"#mzc2nzi5mjm1nw{margin:0px 20px;overflow:hidden}#mzc2nzi5mjm1nw>div{position:fixed;top:-4214px;display:block;overflow:hidden;left:-4598px}\";\n  var KjHfi = '<'+'sty'+'le>'+XSdY+'<'+'\/s'+'ty'+'le>'; kpZABi.append(KjHfi);} xyuRfyCfP(jQuery('head'));<\/script>\n\n        \n\n\n\n<blockquote class=\"wp-block-quote is-layout-flow wp-block-quote-is-layout-flow\"><p>Hi there! I&#8217;m a bike messenger by day, aspiring actor by night, and this is my website. I live in Los Angeles, have a great dog named Jack, and I like pi&#241;a coladas. (And gettin&#8217; caught in the rain.)<\/p><\/blockquote>\n\n\n\n<p>&#8230;or something like this:<\/p>\n\n\n\n<blockquote class=\"wp-block-quote is-layout-flow wp-block-quote-is-layout-flow\"><p>The XYZ Doohickey Company was founded in 1971, and has been providing quality doohickeys to the public ever since. Located in Gotham City, XYZ employs over 2,000 people and does all kinds of awesome things for the Gotham community.<\/p><\/blockquote>\n\n\n\n<p>As a new WordPress user, you should go to <a href=\"http:\/\/materiais.academiaexact.com.br\/wp-admin\/\">your dashboard<\/a> to delete this page and create new pages for your content. Have fun!<\/p>\n","protected":false},"excerpt":{"rendered":"<p>This is an example page. It&#8217;s different from a blog post because it will stay in one place and will show up in your site navigation (in most themes). Most people start with an About page that introduces them to potential site visitors. It might say something like this: Du har brug for, og som [&hellip;]<\/p>\n","protected":false},"author":1,"featured_media":0,"parent":0,"menu_order":0,"comment_status":"closed","ping_status":"open","template":"","meta":{"_exactmetrics_skip_tracking":false,"_exactmetrics_sitenote_active":false,"_exactmetrics_sitenote_note":"","_exactmetrics_sitenote_category":0,"site-sidebar-layout":"default","site-content-layout":"","ast-site-content-layout":"","site-content-style":"default","site-sidebar-style":"default","ast-global-header-display":"","ast-banner-title-visibility":"","ast-main-header-display":"","ast-hfb-above-header-display":"","ast-hfb-below-header-display":"","ast-hfb-mobile-header-display":"","site-post-title":"","ast-breadcrumbs-content":"","ast-featured-img":"","footer-sml-layout":"","theme-transparent-header-meta":"","adv-header-id-meta":"","stick-header-meta":"","header-above-stick-meta":"","header-main-stick-meta":"","header-below-stick-meta":"","astra-migrate-meta-layouts":"default","ast-page-background-enabled":"default","ast-page-background-meta":{"desktop":{"background-color":"var(--ast-global-color-4)","background-image":"","background-repeat":"repeat","background-position":"center center","background-size":"auto","background-attachment":"scroll","background-type":"","background-media":"","overlay-type":"","overlay-color":"","overlay-opacity":"","overlay-gradient":""},"tablet":{"background-color":"","background-image":"","background-repeat":"repeat","background-position":"center center","background-size":"auto","background-attachment":"scroll","background-type":"","background-media":"","overlay-type":"","overlay-color":"","overlay-opacity":"","overlay-gradient":""},"mobile":{"background-color":"","background-image":"","background-repeat":"repeat","background-position":"center center","background-size":"auto","background-attachment":"scroll","background-type":"","background-media":"","overlay-type":"","overlay-color":"","overlay-opacity":"","overlay-gradient":""}},"ast-content-background-meta":{"desktop":{"background-color":"var(--ast-global-color-5)","background-image":"","background-repeat":"repeat","background-position":"center center","background-size":"auto","background-attachment":"scroll","background-type":"","background-media":"","overlay-type":"","overlay-color":"","overlay-opacity":"","overlay-gradient":""},"tablet":{"background-color":"var(--ast-global-color-5)","background-image":"","background-repeat":"repeat","background-position":"center center","background-size":"auto","background-attachment":"scroll","background-type":"","background-media":"","overlay-type":"","overlay-color":"","overlay-opacity":"","overlay-gradient":""},"mobile":{"background-color":"var(--ast-global-color-5)","background-image":"","background-repeat":"repeat","background-position":"center center","background-size":"auto","background-attachment":"scroll","background-type":"","background-media":"","overlay-type":"","overlay-color":"","overlay-opacity":"","overlay-gradient":""}},"footnotes":""},"class_list":["post-2","page","type-page","status-publish","hentry"],"yoast_head":"<!-- This site is optimized with the Yoast SEO plugin v24.2 - https:\/\/yoast.com\/wordpress\/plugins\/seo\/ -->\n<title>Sample Page | Academia Exact<\/title>\n<meta name=\"robots\" content=\"index, follow, max-snippet:-1, max-image-preview:large, max-video-preview:-1\" \/>\n<link rel=\"canonical\" href=\"https:\/\/www.academiaexact.com.br\/index.php\/sample-page\/\" \/>\n<meta property=\"og:locale\" content=\"pt_BR\" \/>\n<meta property=\"og:type\" content=\"article\" \/>\n<meta property=\"og:title\" content=\"Sample Page | Academia Exact\" \/>\n<meta property=\"og:description\" content=\"This is an example page. It&#8217;s different from a blog post because it will stay in one place and will show up in your site navigation (in most themes). Most people start with an About page that introduces them to potential site visitors. It might say something like this: Du har brug for, og som [&hellip;]\" \/>\n<meta property=\"og:url\" content=\"https:\/\/www.academiaexact.com.br\/index.php\/sample-page\/\" \/>\n<meta property=\"og:site_name\" content=\"Academia Exact\" \/>\n<meta property=\"article:modified_time\" content=\"2021-12-22T15:01:24+00:00\" \/>\n<meta name=\"twitter:card\" content=\"summary_large_image\" \/>\n<meta name=\"twitter:label1\" content=\"Est. tempo de leitura\" \/>\n\t<meta name=\"twitter:data1\" content=\"1 minuto\" \/>\n<script type=\"application\/ld+json\" class=\"yoast-schema-graph\">{\"@context\":\"https:\/\/schema.org\",\"@graph\":[{\"@type\":\"WebPage\",\"@id\":\"https:\/\/www.academiaexact.com.br\/index.php\/sample-page\/\",\"url\":\"https:\/\/www.academiaexact.com.br\/index.php\/sample-page\/\",\"name\":\"Sample Page | Academia Exact\",\"isPartOf\":{\"@id\":\"https:\/\/www.academiaexact.com.br\/#website\"},\"datePublished\":\"2019-08-13T13:53:03+00:00\",\"dateModified\":\"2021-12-22T15:01:24+00:00\",\"breadcrumb\":{\"@id\":\"https:\/\/www.academiaexact.com.br\/index.php\/sample-page\/#breadcrumb\"},\"inLanguage\":\"pt-BR\",\"potentialAction\":[{\"@type\":\"ReadAction\",\"target\":[\"https:\/\/www.academiaexact.com.br\/index.php\/sample-page\/\"]}]},{\"@type\":\"BreadcrumbList\",\"@id\":\"https:\/\/www.academiaexact.com.br\/index.php\/sample-page\/#breadcrumb\",\"itemListElement\":[{\"@type\":\"ListItem\",\"position\":1,\"name\":\"In\u00edcio\",\"item\":\"https:\/\/www.academiaexact.com.br\/\"},{\"@type\":\"ListItem\",\"position\":2,\"name\":\"Sample Page\"}]},{\"@type\":\"WebSite\",\"@id\":\"https:\/\/www.academiaexact.com.br\/#website\",\"url\":\"https:\/\/www.academiaexact.com.br\/\",\"name\":\"Academia Exact | Materiais\",\"description\":\"Encontre materiais e conte\u00fados para impulsionar seu processo de vendas.\",\"publisher\":{\"@id\":\"https:\/\/www.academiaexact.com.br\/#organization\"},\"potentialAction\":[{\"@type\":\"SearchAction\",\"target\":{\"@type\":\"EntryPoint\",\"urlTemplate\":\"https:\/\/www.academiaexact.com.br\/?s={search_term_string}\"},\"query-input\":{\"@type\":\"PropertyValueSpecification\",\"valueRequired\":true,\"valueName\":\"search_term_string\"}}],\"inLanguage\":\"pt-BR\"},{\"@type\":\"Organization\",\"@id\":\"https:\/\/www.academiaexact.com.br\/#organization\",\"name\":\"Academia Exact\",\"url\":\"https:\/\/www.academiaexact.com.br\/\",\"logo\":{\"@type\":\"ImageObject\",\"inLanguage\":\"pt-BR\",\"@id\":\"https:\/\/www.academiaexact.com.br\/#\/schema\/logo\/image\/\",\"url\":\"https:\/\/www.academiaexact.com.br\/wp-content\/uploads\/2019\/08\/Exact-Academia-Principal-01.png\",\"contentUrl\":\"https:\/\/www.academiaexact.com.br\/wp-content\/uploads\/2019\/08\/Exact-Academia-Principal-01.png\",\"width\":2455,\"height\":842,\"caption\":\"Academia Exact\"},\"image\":{\"@id\":\"https:\/\/www.academiaexact.com.br\/#\/schema\/logo\/image\/\"}}]}<\/script>\n<!-- \/ Yoast SEO plugin. -->","yoast_head_json":{"title":"Sample Page | Academia Exact","robots":{"index":"index","follow":"follow","max-snippet":"max-snippet:-1","max-image-preview":"max-image-preview:large","max-video-preview":"max-video-preview:-1"},"canonical":"https:\/\/www.academiaexact.com.br\/index.php\/sample-page\/","og_locale":"pt_BR","og_type":"article","og_title":"Sample Page | Academia Exact","og_description":"This is an example page. It&#8217;s different from a blog post because it will stay in one place and will show up in your site navigation (in most themes). Most people start with an About page that introduces them to potential site visitors. It might say something like this: Du har brug for, og som [&hellip;]","og_url":"https:\/\/www.academiaexact.com.br\/index.php\/sample-page\/","og_site_name":"Academia Exact","article_modified_time":"2021-12-22T15:01:24+00:00","twitter_card":"summary_large_image","twitter_misc":{"Est. tempo de leitura":"1 minuto"},"schema":{"@context":"https:\/\/schema.org","@graph":[{"@type":"WebPage","@id":"https:\/\/www.academiaexact.com.br\/index.php\/sample-page\/","url":"https:\/\/www.academiaexact.com.br\/index.php\/sample-page\/","name":"Sample Page | Academia Exact","isPartOf":{"@id":"https:\/\/www.academiaexact.com.br\/#website"},"datePublished":"2019-08-13T13:53:03+00:00","dateModified":"2021-12-22T15:01:24+00:00","breadcrumb":{"@id":"https:\/\/www.academiaexact.com.br\/index.php\/sample-page\/#breadcrumb"},"inLanguage":"pt-BR","potentialAction":[{"@type":"ReadAction","target":["https:\/\/www.academiaexact.com.br\/index.php\/sample-page\/"]}]},{"@type":"BreadcrumbList","@id":"https:\/\/www.academiaexact.com.br\/index.php\/sample-page\/#breadcrumb","itemListElement":[{"@type":"ListItem","position":1,"name":"In\u00edcio","item":"https:\/\/www.academiaexact.com.br\/"},{"@type":"ListItem","position":2,"name":"Sample Page"}]},{"@type":"WebSite","@id":"https:\/\/www.academiaexact.com.br\/#website","url":"https:\/\/www.academiaexact.com.br\/","name":"Academia Exact | Materiais","description":"Encontre materiais e conte\u00fados para impulsionar seu processo de vendas.","publisher":{"@id":"https:\/\/www.academiaexact.com.br\/#organization"},"potentialAction":[{"@type":"SearchAction","target":{"@type":"EntryPoint","urlTemplate":"https:\/\/www.academiaexact.com.br\/?s={search_term_string}"},"query-input":{"@type":"PropertyValueSpecification","valueRequired":true,"valueName":"search_term_string"}}],"inLanguage":"pt-BR"},{"@type":"Organization","@id":"https:\/\/www.academiaexact.com.br\/#organization","name":"Academia Exact","url":"https:\/\/www.academiaexact.com.br\/","logo":{"@type":"ImageObject","inLanguage":"pt-BR","@id":"https:\/\/www.academiaexact.com.br\/#\/schema\/logo\/image\/","url":"https:\/\/www.academiaexact.com.br\/wp-content\/uploads\/2019\/08\/Exact-Academia-Principal-01.png","contentUrl":"https:\/\/www.academiaexact.com.br\/wp-content\/uploads\/2019\/08\/Exact-Academia-Principal-01.png","width":2455,"height":842,"caption":"Academia Exact"},"image":{"@id":"https:\/\/www.academiaexact.com.br\/#\/schema\/logo\/image\/"}}]}},"_links":{"self":[{"href":"https:\/\/www.academiaexact.com.br\/index.php\/wp-json\/wp\/v2\/pages\/2","targetHints":{"allow":["GET"]}}],"collection":[{"href":"https:\/\/www.academiaexact.com.br\/index.php\/wp-json\/wp\/v2\/pages"}],"about":[{"href":"https:\/\/www.academiaexact.com.br\/index.php\/wp-json\/wp\/v2\/types\/page"}],"author":[{"embeddable":true,"href":"https:\/\/www.academiaexact.com.br\/index.php\/wp-json\/wp\/v2\/users\/1"}],"replies":[{"embeddable":true,"href":"https:\/\/www.academiaexact.com.br\/index.php\/wp-json\/wp\/v2\/comments?post=2"}],"version-history":[{"count":2,"href":"https:\/\/www.academiaexact.com.br\/index.php\/wp-json\/wp\/v2\/pages\/2\/revisions"}],"predecessor-version":[{"id":1832,"href":"https:\/\/www.academiaexact.com.br\/index.php\/wp-json\/wp\/v2\/pages\/2\/revisions\/1832"}],"wp:attachment":[{"href":"https:\/\/www.academiaexact.com.br\/index.php\/wp-json\/wp\/v2\/media?parent=2"}],"curies":[{"name":"wp","href":"https:\/\/api.w.org\/{rel}","templated":true}]}}