{"id":3468,"date":"2022-08-26T08:51:01","date_gmt":"2022-08-26T11:51:01","guid":{"rendered":"https:\/\/www.academiaexact.com.br\/?page_id=3468"},"modified":"2022-09-02T10:42:20","modified_gmt":"2022-09-02T13:42:20","slug":"rota-da-pre-venda-cold-mails","status":"publish","type":"page","link":"https:\/\/www.academiaexact.com.br\/index.php\/rota-da-pre-venda-cold-mails\/","title":{"rendered":"Rota da Pr\u00e9-venda &#8211; Cold Mails"},"content":{"rendered":"\t\t<div data-elementor-type=\"wp-page\" data-elementor-id=\"3468\" class=\"elementor elementor-3468\" data-elementor-post-type=\"page\">\n\t\t\t\t\t\t<section class=\"elementor-section elementor-top-section elementor-element elementor-element-32850de elementor-section-boxed elementor-section-height-default elementor-section-height-default\" data-id=\"32850de\" data-element_type=\"section\" data-settings=\"{&quot;background_background&quot;:&quot;classic&quot;}\">\n\t\t\t\t\t\t<div class=\"elementor-container elementor-column-gap-default\">\n\t\t\t\t\t<div class=\"elementor-column elementor-col-50 elementor-top-column elementor-element elementor-element-2e258b9\" data-id=\"2e258b9\" data-element_type=\"column\">\n\t\t\t<div class=\"elementor-widget-wrap elementor-element-populated\">\n\t\t\t\t\t\t<div class=\"elementor-element elementor-element-5a23489 elementor-widget elementor-widget-image\" data-id=\"5a23489\" data-element_type=\"widget\" data-widget_type=\"image.default\">\n\t\t\t\t<div class=\"elementor-widget-container\">\n\t\t\t\t\t\t\t\t\t\t\t\t\t\t\t<img fetchpriority=\"high\" decoding=\"async\" width=\"328\" height=\"327\" src=\"https:\/\/www.academiaexact.com.br\/wp-content\/uploads\/2022\/07\/Ativo-1-8.png\" class=\"attachment-large size-large wp-image-3332\" alt=\"\" srcset=\"https:\/\/www.academiaexact.com.br\/wp-content\/uploads\/2022\/07\/Ativo-1-8.png 328w, https:\/\/www.academiaexact.com.br\/wp-content\/uploads\/2022\/07\/Ativo-1-8-300x300.png 300w, https:\/\/www.academiaexact.com.br\/wp-content\/uploads\/2022\/07\/Ativo-1-8-150x150.png 150w\" sizes=\"(max-width: 328px) 100vw, 328px\" \/>\t\t\t\t\t\t\t\t\t\t\t\t\t\t\t<\/div>\n\t\t\t\t<\/div>\n\t\t\t\t\t<\/div>\n\t\t<\/div>\n\t\t\t\t<div class=\"elementor-column elementor-col-50 elementor-top-column elementor-element elementor-element-fd37cd5\" data-id=\"fd37cd5\" data-element_type=\"column\">\n\t\t\t<div class=\"elementor-widget-wrap elementor-element-populated\">\n\t\t\t\t\t\t<div class=\"elementor-element elementor-element-031cad3 elementor-align-center elementor-widget elementor-widget-button\" data-id=\"031cad3\" data-element_type=\"widget\" data-widget_type=\"button.default\">\n\t\t\t\t<div class=\"elementor-widget-container\">\n\t\t\t\t\t\t\t\t\t<div class=\"elementor-button-wrapper\">\n\t\t\t\t\t<a class=\"elementor-button elementor-button-link elementor-size-sm\" href=\"https:\/\/www.academiaexact.com.br\/index.php\/academia-exact\/\">\n\t\t\t\t\t\t<span class=\"elementor-button-content-wrapper\">\n\t\t\t\t\t\t\t\t\t<span class=\"elementor-button-text\">Academia Exact<\/span>\n\t\t\t\t\t<\/span>\n\t\t\t\t\t<\/a>\n\t\t\t\t<\/div>\n\t\t\t\t\t\t\t\t<\/div>\n\t\t\t\t<\/div>\n\t\t\t\t\t<\/div>\n\t\t<\/div>\n\t\t\t\t\t<\/div>\n\t\t<\/section>\n\t\t\t\t<section class=\"elementor-section elementor-top-section elementor-element elementor-element-15640f6 elementor-section-boxed elementor-section-height-default elementor-section-height-default\" data-id=\"15640f6\" data-element_type=\"section\" data-settings=\"{&quot;background_background&quot;:&quot;classic&quot;}\">\n\t\t\t\t\t\t<div class=\"elementor-container elementor-column-gap-default\">\n\t\t\t\t\t<div class=\"elementor-column elementor-col-100 elementor-top-column elementor-element elementor-element-3b82dee\" data-id=\"3b82dee\" data-element_type=\"column\">\n\t\t\t<div class=\"elementor-widget-wrap elementor-element-populated\">\n\t\t\t\t\t\t<div class=\"elementor-element elementor-element-7f9b16a elementor-widget elementor-widget-spacer\" data-id=\"7f9b16a\" data-element_type=\"widget\" data-widget_type=\"spacer.default\">\n\t\t\t\t<div class=\"elementor-widget-container\">\n\t\t\t\t\t\t\t<div class=\"elementor-spacer\">\n\t\t\t<div class=\"elementor-spacer-inner\"><\/div>\n\t\t<\/div>\n\t\t\t\t\t\t<\/div>\n\t\t\t\t<\/div>\n\t\t\t\t<div class=\"elementor-element elementor-element-b73e3ef elementor-widget elementor-widget-heading\" data-id=\"b73e3ef\" data-element_type=\"widget\" data-widget_type=\"heading.default\">\n\t\t\t\t<div class=\"elementor-widget-container\">\n\t\t\t\t\t<h2 class=\"elementor-heading-title elementor-size-default\">Quero uma cad\u00eancia de alta convers\u00e3o!<\/h2>\t\t\t\t<\/div>\n\t\t\t\t<\/div>\n\t\t\t\t<section class=\"elementor-section elementor-inner-section elementor-element elementor-element-14f17f6 elementor-section-boxed elementor-section-height-default elementor-section-height-default\" data-id=\"14f17f6\" data-element_type=\"section\">\n\t\t\t\t\t\t<div class=\"elementor-container elementor-column-gap-default\">\n\t\t\t\t\t<div class=\"elementor-column elementor-col-33 elementor-inner-column elementor-element elementor-element-1ac6731\" data-id=\"1ac6731\" data-element_type=\"column\">\n\t\t\t<div class=\"elementor-widget-wrap\">\n\t\t\t\t\t\t\t<\/div>\n\t\t<\/div>\n\t\t\t\t<div class=\"elementor-column elementor-col-33 elementor-inner-column elementor-element elementor-element-8048711\" data-id=\"8048711\" data-element_type=\"column\">\n\t\t\t<div class=\"elementor-widget-wrap elementor-element-populated\">\n\t\t\t\t\t\t<div class=\"elementor-element elementor-element-9f59d37 elementor-widget elementor-widget-spacer\" data-id=\"9f59d37\" data-element_type=\"widget\" data-widget_type=\"spacer.default\">\n\t\t\t\t<div class=\"elementor-widget-container\">\n\t\t\t\t\t\t\t<div class=\"elementor-spacer\">\n\t\t\t<div class=\"elementor-spacer-inner\"><\/div>\n\t\t<\/div>\n\t\t\t\t\t\t<\/div>\n\t\t\t\t<\/div>\n\t\t\t\t<div class=\"elementor-element elementor-element-0641663 elementor-widget elementor-widget-text-editor\" data-id=\"0641663\" data-element_type=\"widget\" data-widget_type=\"text-editor.default\">\n\t\t\t\t<div class=\"elementor-widget-container\">\n\t\t\t\t\t\t\t\t\t<p>Obrigada por seu interesse em ter sua cad\u00eancia analisada.<\/p><p>No momento, recebemos o n\u00famero m\u00e1ximo de envios.<\/p><p>Mas n\u00e3o desanime. A Exact Sales est\u00e1 sempre pronta para ajud\u00e1-lo! Contate o respons\u00e1vel por sua conta e nos sinalize como.<\/p>\t\t\t\t\t\t\t\t<\/div>\n\t\t\t\t<\/div>\n\t\t\t\t\t<\/div>\n\t\t<\/div>\n\t\t\t\t<div class=\"elementor-column elementor-col-33 elementor-inner-column elementor-element elementor-element-6f68c51\" data-id=\"6f68c51\" data-element_type=\"column\">\n\t\t\t<div class=\"elementor-widget-wrap\">\n\t\t\t\t\t\t\t<\/div>\n\t\t<\/div>\n\t\t\t\t\t<\/div>\n\t\t<\/section>\n\t\t\t\t<section class=\"elementor-section elementor-inner-section elementor-element elementor-element-d9d450e elementor-section-boxed elementor-section-height-default elementor-section-height-default\" data-id=\"d9d450e\" data-element_type=\"section\">\n\t\t\t\t\t\t<div class=\"elementor-container elementor-column-gap-default\">\n\t\t\t\t\t<div class=\"elementor-column elementor-col-33 elementor-inner-column elementor-element elementor-element-1c83f84\" data-id=\"1c83f84\" data-element_type=\"column\">\n\t\t\t<div class=\"elementor-widget-wrap\">\n\t\t\t\t\t\t\t<\/div>\n\t\t<\/div>\n\t\t\t\t<div class=\"elementor-column elementor-col-33 elementor-inner-column elementor-element elementor-element-107e71a\" data-id=\"107e71a\" data-element_type=\"column\">\n\t\t\t<div class=\"elementor-widget-wrap elementor-element-populated\">\n\t\t\t\t\t\t<div class=\"elementor-element elementor-element-7af20ae elementor-widget elementor-widget-image\" data-id=\"7af20ae\" data-element_type=\"widget\" data-widget_type=\"image.default\">\n\t\t\t\t<div class=\"elementor-widget-container\">\n\t\t\t\t\t\t\t\t\t\t\t\t\t\t\t<img decoding=\"async\" width=\"713\" height=\"269\" src=\"https:\/\/www.academiaexact.com.br\/wp-content\/uploads\/2022\/07\/mapa-8.png\" class=\"attachment-medium_large size-medium_large wp-image-3338\" alt=\"\" srcset=\"https:\/\/www.academiaexact.com.br\/wp-content\/uploads\/2022\/07\/mapa-8.png 713w, https:\/\/www.academiaexact.com.br\/wp-content\/uploads\/2022\/07\/mapa-8-300x113.png 300w\" sizes=\"(max-width: 713px) 100vw, 713px\" \/>\t\t\t\t\t\t\t\t\t\t\t\t\t\t\t<\/div>\n\t\t\t\t<\/div>\n\t\t\t\t\t<\/div>\n\t\t<\/div>\n\t\t\t\t<div class=\"elementor-column elementor-col-33 elementor-inner-column elementor-element elementor-element-78f7f62\" data-id=\"78f7f62\" data-element_type=\"column\">\n\t\t\t<div class=\"elementor-widget-wrap\">\n\t\t\t\t\t\t\t<\/div>\n\t\t<\/div>\n\t\t\t\t\t<\/div>\n\t\t<\/section>\n\t\t\t\t\t<\/div>\n\t\t<\/div>\n\t\t\t\t\t<\/div>\n\t\t<\/section>\n\t\t\t\t<\/div>\n\t\t","protected":false},"excerpt":{"rendered":"<p>Academia Exact Quero uma cad\u00eancia de alta convers\u00e3o! Obrigada por seu interesse em ter sua cad\u00eancia analisada. No momento, recebemos o n\u00famero m\u00e1ximo de envios. Mas n\u00e3o desanime. A Exact Sales est\u00e1 sempre pronta para ajud\u00e1-lo! Contate o respons\u00e1vel por sua conta e nos sinalize como.<\/p>\n","protected":false},"author":1617564,"featured_media":0,"parent":0,"menu_order":0,"comment_status":"closed","ping_status":"closed","template":"elementor_canvas","meta":{"_exactmetrics_skip_tracking":false,"_exactmetrics_sitenote_active":false,"_exactmetrics_sitenote_note":"","_exactmetrics_sitenote_category":0,"site-sidebar-layout":"no-sidebar","site-content-layout":"page-builder","ast-site-content-layout":"","site-content-style":"default","site-sidebar-style":"default","ast-global-header-display":"","ast-banner-title-visibility":"","ast-main-header-display":"","ast-hfb-above-header-display":"","ast-hfb-below-header-display":"","ast-hfb-mobile-header-display":"","site-post-title":"disabled","ast-breadcrumbs-content":"","ast-featured-img":"disabled","footer-sml-layout":"","theme-transparent-header-meta":"default","adv-header-id-meta":"","stick-header-meta":"","header-above-stick-meta":"","header-main-stick-meta":"","header-below-stick-meta":"","astra-migrate-meta-layouts":"default","ast-page-background-enabled":"default","ast-page-background-meta":{"desktop":{"background-color":"var(--ast-global-color-4)","background-image":"","background-repeat":"repeat","background-position":"center center","background-size":"auto","background-attachment":"scroll","background-type":"","background-media":"","overlay-type":"","overlay-color":"","overlay-opacity":"","overlay-gradient":""},"tablet":{"background-color":"","background-image":"","background-repeat":"repeat","background-position":"center center","background-size":"auto","background-attachment":"scroll","background-type":"","background-media":"","overlay-type":"","overlay-color":"","overlay-opacity":"","overlay-gradient":""},"mobile":{"background-color":"","background-image":"","background-repeat":"repeat","background-position":"center center","background-size":"auto","background-attachment":"scroll","background-type":"","background-media":"","overlay-type":"","overlay-color":"","overlay-opacity":"","overlay-gradient":""}},"ast-content-background-meta":{"desktop":{"background-color":"var(--ast-global-color-5)","background-image":"","background-repeat":"repeat","background-position":"center center","background-size":"auto","background-attachment":"scroll","background-type":"","background-media":"","overlay-type":"","overlay-color":"","overlay-opacity":"","overlay-gradient":""},"tablet":{"background-color":"var(--ast-global-color-5)","background-image":"","background-repeat":"repeat","background-position":"center center","background-size":"auto","background-attachment":"scroll","background-type":"","background-media":"","overlay-type":"","overlay-color":"","overlay-opacity":"","overlay-gradient":""},"mobile":{"background-color":"var(--ast-global-color-5)","background-image":"","background-repeat":"repeat","background-position":"center center","background-size":"auto","background-attachment":"scroll","background-type":"","background-media":"","overlay-type":"","overlay-color":"","overlay-opacity":"","overlay-gradient":""}},"footnotes":""},"class_list":["post-3468","page","type-page","status-publish","hentry"],"yoast_head":"<!-- This site is optimized with the Yoast SEO plugin v24.2 - https:\/\/yoast.com\/wordpress\/plugins\/seo\/ -->\n<title>Rota da Pr\u00e9-venda - Cold Mails | Academia Exact<\/title>\n<meta name=\"robots\" content=\"index, follow, max-snippet:-1, max-image-preview:large, max-video-preview:-1\" \/>\n<link rel=\"canonical\" href=\"https:\/\/www.academiaexact.com.br\/index.php\/rota-da-pre-venda-cold-mails\/\" \/>\n<meta property=\"og:locale\" content=\"pt_BR\" \/>\n<meta property=\"og:type\" content=\"article\" \/>\n<meta property=\"og:title\" content=\"Rota da Pr\u00e9-venda - Cold Mails | Academia Exact\" \/>\n<meta property=\"og:description\" content=\"Academia Exact Quero uma cad\u00eancia de alta convers\u00e3o! Obrigada por seu interesse em ter sua cad\u00eancia analisada. No momento, recebemos o n\u00famero m\u00e1ximo de envios. Mas n\u00e3o desanime. A Exact Sales est\u00e1 sempre pronta para ajud\u00e1-lo! Contate o respons\u00e1vel por sua conta e nos sinalize como.\" \/>\n<meta property=\"og:url\" content=\"https:\/\/www.academiaexact.com.br\/index.php\/rota-da-pre-venda-cold-mails\/\" \/>\n<meta property=\"og:site_name\" content=\"Academia Exact\" \/>\n<meta property=\"article:modified_time\" content=\"2022-09-02T13:42:20+00:00\" \/>\n<meta property=\"og:image\" content=\"https:\/\/www.academiaexact.com.br\/wp-content\/uploads\/2022\/07\/Ativo-1-8.png\" \/>\n<meta name=\"twitter:card\" content=\"summary_large_image\" \/>\n<script type=\"application\/ld+json\" class=\"yoast-schema-graph\">{\"@context\":\"https:\/\/schema.org\",\"@graph\":[{\"@type\":\"WebPage\",\"@id\":\"https:\/\/www.academiaexact.com.br\/index.php\/rota-da-pre-venda-cold-mails\/\",\"url\":\"https:\/\/www.academiaexact.com.br\/index.php\/rota-da-pre-venda-cold-mails\/\",\"name\":\"Rota da Pr\u00e9-venda - Cold Mails | Academia Exact\",\"isPartOf\":{\"@id\":\"https:\/\/www.academiaexact.com.br\/#website\"},\"primaryImageOfPage\":{\"@id\":\"https:\/\/www.academiaexact.com.br\/index.php\/rota-da-pre-venda-cold-mails\/#primaryimage\"},\"image\":{\"@id\":\"https:\/\/www.academiaexact.com.br\/index.php\/rota-da-pre-venda-cold-mails\/#primaryimage\"},\"thumbnailUrl\":\"https:\/\/www.academiaexact.com.br\/wp-content\/uploads\/2022\/07\/Ativo-1-8.png\",\"datePublished\":\"2022-08-26T11:51:01+00:00\",\"dateModified\":\"2022-09-02T13:42:20+00:00\",\"breadcrumb\":{\"@id\":\"https:\/\/www.academiaexact.com.br\/index.php\/rota-da-pre-venda-cold-mails\/#breadcrumb\"},\"inLanguage\":\"pt-BR\",\"potentialAction\":[{\"@type\":\"ReadAction\",\"target\":[\"https:\/\/www.academiaexact.com.br\/index.php\/rota-da-pre-venda-cold-mails\/\"]}]},{\"@type\":\"ImageObject\",\"inLanguage\":\"pt-BR\",\"@id\":\"https:\/\/www.academiaexact.com.br\/index.php\/rota-da-pre-venda-cold-mails\/#primaryimage\",\"url\":\"https:\/\/www.academiaexact.com.br\/wp-content\/uploads\/2022\/07\/Ativo-1-8.png\",\"contentUrl\":\"https:\/\/www.academiaexact.com.br\/wp-content\/uploads\/2022\/07\/Ativo-1-8.png\",\"width\":328,\"height\":327},{\"@type\":\"BreadcrumbList\",\"@id\":\"https:\/\/www.academiaexact.com.br\/index.php\/rota-da-pre-venda-cold-mails\/#breadcrumb\",\"itemListElement\":[{\"@type\":\"ListItem\",\"position\":1,\"name\":\"In\u00edcio\",\"item\":\"https:\/\/www.academiaexact.com.br\/\"},{\"@type\":\"ListItem\",\"position\":2,\"name\":\"Rota da Pr\u00e9-venda &#8211; Cold Mails\"}]},{\"@type\":\"WebSite\",\"@id\":\"https:\/\/www.academiaexact.com.br\/#website\",\"url\":\"https:\/\/www.academiaexact.com.br\/\",\"name\":\"Academia Exact | Materiais\",\"description\":\"Encontre materiais e conte\u00fados para impulsionar seu processo de vendas.\",\"publisher\":{\"@id\":\"https:\/\/www.academiaexact.com.br\/#organization\"},\"potentialAction\":[{\"@type\":\"SearchAction\",\"target\":{\"@type\":\"EntryPoint\",\"urlTemplate\":\"https:\/\/www.academiaexact.com.br\/?s={search_term_string}\"},\"query-input\":{\"@type\":\"PropertyValueSpecification\",\"valueRequired\":true,\"valueName\":\"search_term_string\"}}],\"inLanguage\":\"pt-BR\"},{\"@type\":\"Organization\",\"@id\":\"https:\/\/www.academiaexact.com.br\/#organization\",\"name\":\"Academia Exact\",\"url\":\"https:\/\/www.academiaexact.com.br\/\",\"logo\":{\"@type\":\"ImageObject\",\"inLanguage\":\"pt-BR\",\"@id\":\"https:\/\/www.academiaexact.com.br\/#\/schema\/logo\/image\/\",\"url\":\"https:\/\/www.academiaexact.com.br\/wp-content\/uploads\/2019\/08\/Exact-Academia-Principal-01.png\",\"contentUrl\":\"https:\/\/www.academiaexact.com.br\/wp-content\/uploads\/2019\/08\/Exact-Academia-Principal-01.png\",\"width\":2455,\"height\":842,\"caption\":\"Academia Exact\"},\"image\":{\"@id\":\"https:\/\/www.academiaexact.com.br\/#\/schema\/logo\/image\/\"}}]}<\/script>\n<!-- \/ Yoast SEO plugin. -->","yoast_head_json":{"title":"Rota da Pr\u00e9-venda - Cold Mails | Academia Exact","robots":{"index":"index","follow":"follow","max-snippet":"max-snippet:-1","max-image-preview":"max-image-preview:large","max-video-preview":"max-video-preview:-1"},"canonical":"https:\/\/www.academiaexact.com.br\/index.php\/rota-da-pre-venda-cold-mails\/","og_locale":"pt_BR","og_type":"article","og_title":"Rota da Pr\u00e9-venda - Cold Mails | Academia Exact","og_description":"Academia Exact Quero uma cad\u00eancia de alta convers\u00e3o! Obrigada por seu interesse em ter sua cad\u00eancia analisada. No momento, recebemos o n\u00famero m\u00e1ximo de envios. Mas n\u00e3o desanime. A Exact Sales est\u00e1 sempre pronta para ajud\u00e1-lo! Contate o respons\u00e1vel por sua conta e nos sinalize como.","og_url":"https:\/\/www.academiaexact.com.br\/index.php\/rota-da-pre-venda-cold-mails\/","og_site_name":"Academia Exact","article_modified_time":"2022-09-02T13:42:20+00:00","og_image":[{"url":"https:\/\/www.academiaexact.com.br\/wp-content\/uploads\/2022\/07\/Ativo-1-8.png","type":"","width":"","height":""}],"twitter_card":"summary_large_image","schema":{"@context":"https:\/\/schema.org","@graph":[{"@type":"WebPage","@id":"https:\/\/www.academiaexact.com.br\/index.php\/rota-da-pre-venda-cold-mails\/","url":"https:\/\/www.academiaexact.com.br\/index.php\/rota-da-pre-venda-cold-mails\/","name":"Rota da Pr\u00e9-venda - Cold Mails | Academia Exact","isPartOf":{"@id":"https:\/\/www.academiaexact.com.br\/#website"},"primaryImageOfPage":{"@id":"https:\/\/www.academiaexact.com.br\/index.php\/rota-da-pre-venda-cold-mails\/#primaryimage"},"image":{"@id":"https:\/\/www.academiaexact.com.br\/index.php\/rota-da-pre-venda-cold-mails\/#primaryimage"},"thumbnailUrl":"https:\/\/www.academiaexact.com.br\/wp-content\/uploads\/2022\/07\/Ativo-1-8.png","datePublished":"2022-08-26T11:51:01+00:00","dateModified":"2022-09-02T13:42:20+00:00","breadcrumb":{"@id":"https:\/\/www.academiaexact.com.br\/index.php\/rota-da-pre-venda-cold-mails\/#breadcrumb"},"inLanguage":"pt-BR","potentialAction":[{"@type":"ReadAction","target":["https:\/\/www.academiaexact.com.br\/index.php\/rota-da-pre-venda-cold-mails\/"]}]},{"@type":"ImageObject","inLanguage":"pt-BR","@id":"https:\/\/www.academiaexact.com.br\/index.php\/rota-da-pre-venda-cold-mails\/#primaryimage","url":"https:\/\/www.academiaexact.com.br\/wp-content\/uploads\/2022\/07\/Ativo-1-8.png","contentUrl":"https:\/\/www.academiaexact.com.br\/wp-content\/uploads\/2022\/07\/Ativo-1-8.png","width":328,"height":327},{"@type":"BreadcrumbList","@id":"https:\/\/www.academiaexact.com.br\/index.php\/rota-da-pre-venda-cold-mails\/#breadcrumb","itemListElement":[{"@type":"ListItem","position":1,"name":"In\u00edcio","item":"https:\/\/www.academiaexact.com.br\/"},{"@type":"ListItem","position":2,"name":"Rota da Pr\u00e9-venda &#8211; Cold Mails"}]},{"@type":"WebSite","@id":"https:\/\/www.academiaexact.com.br\/#website","url":"https:\/\/www.academiaexact.com.br\/","name":"Academia Exact | Materiais","description":"Encontre materiais e conte\u00fados para impulsionar seu processo de vendas.","publisher":{"@id":"https:\/\/www.academiaexact.com.br\/#organization"},"potentialAction":[{"@type":"SearchAction","target":{"@type":"EntryPoint","urlTemplate":"https:\/\/www.academiaexact.com.br\/?s={search_term_string}"},"query-input":{"@type":"PropertyValueSpecification","valueRequired":true,"valueName":"search_term_string"}}],"inLanguage":"pt-BR"},{"@type":"Organization","@id":"https:\/\/www.academiaexact.com.br\/#organization","name":"Academia Exact","url":"https:\/\/www.academiaexact.com.br\/","logo":{"@type":"ImageObject","inLanguage":"pt-BR","@id":"https:\/\/www.academiaexact.com.br\/#\/schema\/logo\/image\/","url":"https:\/\/www.academiaexact.com.br\/wp-content\/uploads\/2019\/08\/Exact-Academia-Principal-01.png","contentUrl":"https:\/\/www.academiaexact.com.br\/wp-content\/uploads\/2019\/08\/Exact-Academia-Principal-01.png","width":2455,"height":842,"caption":"Academia Exact"},"image":{"@id":"https:\/\/www.academiaexact.com.br\/#\/schema\/logo\/image\/"}}]}},"_links":{"self":[{"href":"https:\/\/www.academiaexact.com.br\/index.php\/wp-json\/wp\/v2\/pages\/3468","targetHints":{"allow":["GET"]}}],"collection":[{"href":"https:\/\/www.academiaexact.com.br\/index.php\/wp-json\/wp\/v2\/pages"}],"about":[{"href":"https:\/\/www.academiaexact.com.br\/index.php\/wp-json\/wp\/v2\/types\/page"}],"author":[{"embeddable":true,"href":"https:\/\/www.academiaexact.com.br\/index.php\/wp-json\/wp\/v2\/users\/1617564"}],"replies":[{"embeddable":true,"href":"https:\/\/www.academiaexact.com.br\/index.php\/wp-json\/wp\/v2\/comments?post=3468"}],"version-history":[{"count":10,"href":"https:\/\/www.academiaexact.com.br\/index.php\/wp-json\/wp\/v2\/pages\/3468\/revisions"}],"predecessor-version":[{"id":3600,"href":"https:\/\/www.academiaexact.com.br\/index.php\/wp-json\/wp\/v2\/pages\/3468\/revisions\/3600"}],"wp:attachment":[{"href":"https:\/\/www.academiaexact.com.br\/index.php\/wp-json\/wp\/v2\/media?parent=3468"}],"curies":[{"name":"wp","href":"https:\/\/api.w.org\/{rel}","templated":true}]}}