{"id":58,"date":"2019-08-14T15:46:30","date_gmt":"2019-08-14T18:46:30","guid":{"rendered":"https:\/\/materiais.academiaexact.com.br\/?page_id=58"},"modified":"2022-09-26T13:52:31","modified_gmt":"2022-09-26T16:52:31","slug":"agradecimento-curso-pv-academia-exact","status":"publish","type":"page","link":"https:\/\/www.academiaexact.com.br\/index.php\/inscricao-academia-exact-2021\/agradecimento-curso-pv-academia-exact\/","title":{"rendered":"Agradecimento | PV"},"content":{"rendered":"\t\t<div data-elementor-type=\"wp-post\" data-elementor-id=\"58\" class=\"elementor elementor-58\" data-elementor-post-type=\"page\">\n\t\t\t\t\t\t<section class=\"elementor-section elementor-top-section elementor-element elementor-element-19a54831 elementor-section-boxed elementor-section-height-default elementor-section-height-default\" data-id=\"19a54831\" data-element_type=\"section\" data-settings=\"{&quot;background_background&quot;:&quot;classic&quot;}\">\n\t\t\t\t\t\t\t<div class=\"elementor-background-overlay\"><\/div>\n\t\t\t\t\t\t\t<div class=\"elementor-container elementor-column-gap-default\">\n\t\t\t\t\t<div class=\"elementor-column elementor-col-100 elementor-top-column elementor-element elementor-element-783cad2e\" data-id=\"783cad2e\" data-element_type=\"column\">\n\t\t\t<div class=\"elementor-widget-wrap elementor-element-populated\">\n\t\t\t\t\t\t<section class=\"elementor-section elementor-inner-section elementor-element elementor-element-74f29927 elementor-section-boxed elementor-section-height-default elementor-section-height-default\" data-id=\"74f29927\" data-element_type=\"section\">\n\t\t\t\t\t\t<div class=\"elementor-container elementor-column-gap-default\">\n\t\t\t\t\t<div class=\"elementor-column elementor-col-33 elementor-inner-column elementor-element elementor-element-7a0ac3a8\" data-id=\"7a0ac3a8\" data-element_type=\"column\">\n\t\t\t<div class=\"elementor-widget-wrap\">\n\t\t\t\t\t\t\t<\/div>\n\t\t<\/div>\n\t\t\t\t<div class=\"elementor-column elementor-col-33 elementor-inner-column elementor-element elementor-element-191838c4\" data-id=\"191838c4\" data-element_type=\"column\">\n\t\t\t<div class=\"elementor-widget-wrap elementor-element-populated\">\n\t\t\t\t\t\t<div class=\"elementor-element elementor-element-4ebcd6ab elementor-hidden-mobile elementor-widget elementor-widget-spacer\" data-id=\"4ebcd6ab\" data-element_type=\"widget\" data-widget_type=\"spacer.default\">\n\t\t\t\t<div class=\"elementor-widget-container\">\n\t\t\t\t\t\t\t<div class=\"elementor-spacer\">\n\t\t\t<div class=\"elementor-spacer-inner\"><\/div>\n\t\t<\/div>\n\t\t\t\t\t\t<\/div>\n\t\t\t\t<\/div>\n\t\t\t\t<div class=\"elementor-element elementor-element-47e6316 elementor-widget elementor-widget-image\" data-id=\"47e6316\" data-element_type=\"widget\" data-widget_type=\"image.default\">\n\t\t\t\t<div class=\"elementor-widget-container\">\n\t\t\t\t\t\t\t\t\t\t\t\t\t\t\t<img decoding=\"async\" width=\"300\" height=\"123\" src=\"https:\/\/www.academiaexact.com.br\/wp-content\/uploads\/2022\/03\/Camada-50-300x123.png\" class=\"attachment-medium size-medium wp-image-2610\" alt=\"\" srcset=\"https:\/\/www.academiaexact.com.br\/wp-content\/uploads\/2022\/03\/Camada-50-300x123.png 300w, https:\/\/www.academiaexact.com.br\/wp-content\/uploads\/2022\/03\/Camada-50.png 355w\" sizes=\"(max-width: 300px) 100vw, 300px\" \/>\t\t\t\t\t\t\t\t\t\t\t\t\t\t\t<\/div>\n\t\t\t\t<\/div>\n\t\t\t\t<div class=\"elementor-element elementor-element-5b5f9609 elementor-widget elementor-widget-image\" data-id=\"5b5f9609\" data-element_type=\"widget\" data-widget_type=\"image.default\">\n\t\t\t\t<div class=\"elementor-widget-container\">\n\t\t\t\t\t\t\t\t\t\t\t\t\t\t\t<img decoding=\"async\" width=\"300\" height=\"117\" src=\"https:\/\/www.academiaexact.com.br\/wp-content\/uploads\/2022\/04\/Agrupar-3-300x117.png\" class=\"attachment-medium size-medium wp-image-2753\" alt=\"\" srcset=\"https:\/\/www.academiaexact.com.br\/wp-content\/uploads\/2022\/04\/Agrupar-3-300x117.png 300w, https:\/\/www.academiaexact.com.br\/wp-content\/uploads\/2022\/04\/Agrupar-3-768x299.png 768w, https:\/\/www.academiaexact.com.br\/wp-content\/uploads\/2022\/04\/Agrupar-3.png 973w\" sizes=\"(max-width: 300px) 100vw, 300px\" \/>\t\t\t\t\t\t\t\t\t\t\t\t\t\t\t<\/div>\n\t\t\t\t<\/div>\n\t\t\t\t<div class=\"elementor-element elementor-element-73a49b6b elementor-widget elementor-widget-heading\" data-id=\"73a49b6b\" data-element_type=\"widget\" data-widget_type=\"heading.default\">\n\t\t\t\t<div class=\"elementor-widget-container\">\n\t\t\t\t\t<h2 class=\"elementor-heading-title elementor-size-default\">POR DAR ESSE PR\u00d3XIMO PASSO EM SUA CARREIRA!<\/h2>\t\t\t\t<\/div>\n\t\t\t\t<\/div>\n\t\t\t\t<div class=\"elementor-element elementor-element-2b359a92 elementor-widget elementor-widget-text-editor\" data-id=\"2b359a92\" data-element_type=\"widget\" data-widget_type=\"text-editor.default\">\n\t\t\t\t<div class=\"elementor-widget-container\">\n\t\t\t\t\t\t\t\t\t<p><strong>Enviamos a voc\u00ea um e-mail com o assunto <em>&#8220;Bem-vindo \u00e0 Academia Exact&#8221;<\/em>.\u00a0 Nele voc\u00ea encontrar\u00e1 o link para criar uma senha e acessar o curso.<\/strong><\/p>\t\t\t\t\t\t\t\t<\/div>\n\t\t\t\t<\/div>\n\t\t\t\t<div class=\"elementor-element elementor-element-9643fa2 elementor-widget elementor-widget-text-editor\" data-id=\"9643fa2\" data-element_type=\"widget\" data-widget_type=\"text-editor.default\">\n\t\t\t\t<div class=\"elementor-widget-container\">\n\t\t\t\t\t\t\t\t\t<p><span style=\"font-size: 17px; font-weight: 400;\">O curso \u00e9 totalmente gratuito, online e com aulas gravadas, podendo ser realizado pelo celular ou computador e a qualquer hora do dia.<\/span><\/p>\t\t\t\t\t\t\t\t<\/div>\n\t\t\t\t<\/div>\n\t\t\t\t<div class=\"elementor-element elementor-element-bec2596 elementor-widget elementor-widget-heading\" data-id=\"bec2596\" data-element_type=\"widget\" data-widget_type=\"heading.default\">\n\t\t\t\t<div class=\"elementor-widget-container\">\n\t\t\t\t\t<h2 class=\"elementor-heading-title elementor-size-default\">O SEU ACESSO \u00c9 VALIDO POR TEMPO LIMITADO<\/h2>\t\t\t\t<\/div>\n\t\t\t\t<\/div>\n\t\t\t\t<div class=\"elementor-element elementor-element-8eb6fa6 elementor-widget elementor-widget-text-editor\" data-id=\"8eb6fa6\" data-element_type=\"widget\" data-widget_type=\"text-editor.default\">\n\t\t\t\t<div class=\"elementor-widget-container\">\n\t\t\t\t\t\t\t\t\t<p>O curso \u00e9 totalmente gratuito e pode ser acessado por 14 dias.\u00a0 Ap\u00f3s este per\u00edodo, a sua matr\u00edcula ser\u00e1 expirada, pois as vagas s\u00e3o limitadas.<\/p><p>\u00a0<\/p><p><strong>N\u00e3o recebeu o link ou precisa de ajuda? <\/strong><\/p><p>Entre em contato com a nossa equipe pelo e-mail <strong>atendimento@academiaexact.com.br<\/strong> ou clique no bot\u00e3o abaixo para falar com a gente pelo <strong>WhatsApp.<\/strong><\/p><p><br \/>Atendemos de segunda a sexta das 09h \u00e0 16h30.<\/p>\t\t\t\t\t\t\t\t<\/div>\n\t\t\t\t<\/div>\n\t\t\t\t\t<\/div>\n\t\t<\/div>\n\t\t\t\t<div class=\"elementor-column elementor-col-33 elementor-inner-column elementor-element elementor-element-6cd7a8d2\" data-id=\"6cd7a8d2\" data-element_type=\"column\">\n\t\t\t<div class=\"elementor-widget-wrap\">\n\t\t\t\t\t\t\t<\/div>\n\t\t<\/div>\n\t\t\t\t\t<\/div>\n\t\t<\/section>\n\t\t\t\t<div class=\"elementor-element elementor-element-e945102 elementor-button-success elementor-align-center elementor-widget elementor-widget-button\" data-id=\"e945102\" data-element_type=\"widget\" data-widget_type=\"button.default\">\n\t\t\t\t<div class=\"elementor-widget-container\">\n\t\t\t\t\t\t\t\t\t<div class=\"elementor-button-wrapper\">\n\t\t\t\t\t<a class=\"elementor-button elementor-button-link elementor-size-lg\" href=\"https:\/\/api.whatsapp.com\/send?phone=5548991572545&#038;text\">\n\t\t\t\t\t\t<span class=\"elementor-button-content-wrapper\">\n\t\t\t\t\t\t\t\t\t<span class=\"elementor-button-text\">Enviar mensagem para o WhatsApp<\/span>\n\t\t\t\t\t<\/span>\n\t\t\t\t\t<\/a>\n\t\t\t\t<\/div>\n\t\t\t\t\t\t\t\t<\/div>\n\t\t\t\t<\/div>\n\t\t\t\t<div class=\"elementor-element elementor-element-2e57cabf elementor-widget elementor-widget-spacer\" data-id=\"2e57cabf\" data-element_type=\"widget\" data-widget_type=\"spacer.default\">\n\t\t\t\t<div class=\"elementor-widget-container\">\n\t\t\t\t\t\t\t<div class=\"elementor-spacer\">\n\t\t\t<div class=\"elementor-spacer-inner\"><\/div>\n\t\t<\/div>\n\t\t\t\t\t\t<\/div>\n\t\t\t\t<\/div>\n\t\t\t\t\t<\/div>\n\t\t<\/div>\n\t\t\t\t\t<\/div>\n\t\t<\/section>\n\t\t\t\t<\/div>\n\t\t","protected":false},"excerpt":{"rendered":"<p>POR DAR ESSE PR\u00d3XIMO PASSO EM SUA CARREIRA! Enviamos a voc\u00ea um e-mail com o assunto &#8220;Bem-vindo \u00e0 Academia Exact&#8221;.\u00a0 Nele voc\u00ea encontrar\u00e1 o link para criar uma senha e acessar o curso. O curso \u00e9 totalmente gratuito, online e com aulas gravadas, podendo ser realizado pelo celular ou computador e a qualquer hora do [&hellip;]<\/p>\n","protected":false},"author":2,"featured_media":0,"parent":32,"menu_order":0,"comment_status":"closed","ping_status":"closed","template":"","meta":{"_exactmetrics_skip_tracking":false,"_exactmetrics_sitenote_active":false,"_exactmetrics_sitenote_note":"","_exactmetrics_sitenote_category":0,"site-sidebar-layout":"no-sidebar","site-content-layout":"page-builder","ast-site-content-layout":"","site-content-style":"default","site-sidebar-style":"default","ast-global-header-display":"","ast-banner-title-visibility":"","ast-main-header-display":"disabled","ast-hfb-above-header-display":"","ast-hfb-below-header-display":"","ast-hfb-mobile-header-display":"","site-post-title":"disabled","ast-breadcrumbs-content":"","ast-featured-img":"disabled","footer-sml-layout":"disabled","theme-transparent-header-meta":"default","adv-header-id-meta":"","stick-header-meta":"","header-above-stick-meta":"","header-main-stick-meta":"","header-below-stick-meta":"","astra-migrate-meta-layouts":"default","ast-page-background-enabled":"default","ast-page-background-meta":{"desktop":{"background-color":"var(--ast-global-color-4)","background-image":"","background-repeat":"repeat","background-position":"center center","background-size":"auto","background-attachment":"scroll","background-type":"","background-media":"","overlay-type":"","overlay-color":"","overlay-opacity":"","overlay-gradient":""},"tablet":{"background-color":"","background-image":"","background-repeat":"repeat","background-position":"center center","background-size":"auto","background-attachment":"scroll","background-type":"","background-media":"","overlay-type":"","overlay-color":"","overlay-opacity":"","overlay-gradient":""},"mobile":{"background-color":"","background-image":"","background-repeat":"repeat","background-position":"center center","background-size":"auto","background-attachment":"scroll","background-type":"","background-media":"","overlay-type":"","overlay-color":"","overlay-opacity":"","overlay-gradient":""}},"ast-content-background-meta":{"desktop":{"background-color":"var(--ast-global-color-5)","background-image":"","background-repeat":"repeat","background-position":"center center","background-size":"auto","background-attachment":"scroll","background-type":"","background-media":"","overlay-type":"","overlay-color":"","overlay-opacity":"","overlay-gradient":""},"tablet":{"background-color":"var(--ast-global-color-5)","background-image":"","background-repeat":"repeat","background-position":"center center","background-size":"auto","background-attachment":"scroll","background-type":"","background-media":"","overlay-type":"","overlay-color":"","overlay-opacity":"","overlay-gradient":""},"mobile":{"background-color":"var(--ast-global-color-5)","background-image":"","background-repeat":"repeat","background-position":"center center","background-size":"auto","background-attachment":"scroll","background-type":"","background-media":"","overlay-type":"","overlay-color":"","overlay-opacity":"","overlay-gradient":""}},"footnotes":""},"class_list":["post-58","page","type-page","status-publish","hentry"],"yoast_head":"<!-- This site is optimized with the Yoast SEO plugin v24.2 - https:\/\/yoast.com\/wordpress\/plugins\/seo\/ -->\n<title>Agradecimento | PV | Academia Exact<\/title>\n<meta name=\"robots\" content=\"index, follow, max-snippet:-1, max-image-preview:large, max-video-preview:-1\" \/>\n<link rel=\"canonical\" href=\"https:\/\/www.academiaexact.com.br\/index.php\/inscricao-academia-exact-2021\/agradecimento-curso-pv-academia-exact\/\" \/>\n<meta property=\"og:locale\" content=\"pt_BR\" \/>\n<meta property=\"og:type\" content=\"article\" \/>\n<meta property=\"og:title\" content=\"Agradecimento | PV | Academia Exact\" \/>\n<meta property=\"og:description\" content=\"POR DAR ESSE PR\u00d3XIMO PASSO EM SUA CARREIRA! Enviamos a voc\u00ea um e-mail com o assunto &#8220;Bem-vindo \u00e0 Academia Exact&#8221;.\u00a0 Nele voc\u00ea encontrar\u00e1 o link para criar uma senha e acessar o curso. O curso \u00e9 totalmente gratuito, online e com aulas gravadas, podendo ser realizado pelo celular ou computador e a qualquer hora do [&hellip;]\" \/>\n<meta property=\"og:url\" content=\"https:\/\/www.academiaexact.com.br\/index.php\/inscricao-academia-exact-2021\/agradecimento-curso-pv-academia-exact\/\" \/>\n<meta property=\"og:site_name\" content=\"Academia Exact\" \/>\n<meta property=\"article:modified_time\" content=\"2022-09-26T16:52:31+00:00\" \/>\n<meta property=\"og:image\" content=\"https:\/\/www.academiaexact.com.br\/wp-content\/uploads\/2022\/03\/Camada-50-300x123.png\" \/>\n<meta name=\"twitter:card\" content=\"summary_large_image\" \/>\n<meta name=\"twitter:label1\" content=\"Est. tempo de leitura\" \/>\n\t<meta name=\"twitter:data1\" content=\"1 minuto\" \/>\n<script type=\"application\/ld+json\" class=\"yoast-schema-graph\">{\"@context\":\"https:\/\/schema.org\",\"@graph\":[{\"@type\":\"WebPage\",\"@id\":\"https:\/\/www.academiaexact.com.br\/index.php\/inscricao-academia-exact-2021\/agradecimento-curso-pv-academia-exact\/\",\"url\":\"https:\/\/www.academiaexact.com.br\/index.php\/inscricao-academia-exact-2021\/agradecimento-curso-pv-academia-exact\/\",\"name\":\"Agradecimento | PV | Academia Exact\",\"isPartOf\":{\"@id\":\"https:\/\/www.academiaexact.com.br\/#website\"},\"primaryImageOfPage\":{\"@id\":\"https:\/\/www.academiaexact.com.br\/index.php\/inscricao-academia-exact-2021\/agradecimento-curso-pv-academia-exact\/#primaryimage\"},\"image\":{\"@id\":\"https:\/\/www.academiaexact.com.br\/index.php\/inscricao-academia-exact-2021\/agradecimento-curso-pv-academia-exact\/#primaryimage\"},\"thumbnailUrl\":\"https:\/\/www.academiaexact.com.br\/wp-content\/uploads\/2022\/03\/Camada-50-300x123.png\",\"datePublished\":\"2019-08-14T18:46:30+00:00\",\"dateModified\":\"2022-09-26T16:52:31+00:00\",\"breadcrumb\":{\"@id\":\"https:\/\/www.academiaexact.com.br\/index.php\/inscricao-academia-exact-2021\/agradecimento-curso-pv-academia-exact\/#breadcrumb\"},\"inLanguage\":\"pt-BR\",\"potentialAction\":[{\"@type\":\"ReadAction\",\"target\":[\"https:\/\/www.academiaexact.com.br\/index.php\/inscricao-academia-exact-2021\/agradecimento-curso-pv-academia-exact\/\"]}]},{\"@type\":\"ImageObject\",\"inLanguage\":\"pt-BR\",\"@id\":\"https:\/\/www.academiaexact.com.br\/index.php\/inscricao-academia-exact-2021\/agradecimento-curso-pv-academia-exact\/#primaryimage\",\"url\":\"https:\/\/www.academiaexact.com.br\/wp-content\/uploads\/2022\/03\/Camada-50.png\",\"contentUrl\":\"https:\/\/www.academiaexact.com.br\/wp-content\/uploads\/2022\/03\/Camada-50.png\",\"width\":355,\"height\":146},{\"@type\":\"BreadcrumbList\",\"@id\":\"https:\/\/www.academiaexact.com.br\/index.php\/inscricao-academia-exact-2021\/agradecimento-curso-pv-academia-exact\/#breadcrumb\",\"itemListElement\":[{\"@type\":\"ListItem\",\"position\":1,\"name\":\"In\u00edcio\",\"item\":\"https:\/\/www.academiaexact.com.br\/\"},{\"@type\":\"ListItem\",\"position\":2,\"name\":\"Inscri\u00e7\u00e3o Academia Exact 2021 | Oportunidade Profissional\",\"item\":\"https:\/\/www.academiaexact.com.br\/?page_id=32\"},{\"@type\":\"ListItem\",\"position\":3,\"name\":\"Agradecimento | PV\"}]},{\"@type\":\"WebSite\",\"@id\":\"https:\/\/www.academiaexact.com.br\/#website\",\"url\":\"https:\/\/www.academiaexact.com.br\/\",\"name\":\"Academia Exact | Materiais\",\"description\":\"Encontre materiais e conte\u00fados para impulsionar seu processo de vendas.\",\"publisher\":{\"@id\":\"https:\/\/www.academiaexact.com.br\/#organization\"},\"potentialAction\":[{\"@type\":\"SearchAction\",\"target\":{\"@type\":\"EntryPoint\",\"urlTemplate\":\"https:\/\/www.academiaexact.com.br\/?s={search_term_string}\"},\"query-input\":{\"@type\":\"PropertyValueSpecification\",\"valueRequired\":true,\"valueName\":\"search_term_string\"}}],\"inLanguage\":\"pt-BR\"},{\"@type\":\"Organization\",\"@id\":\"https:\/\/www.academiaexact.com.br\/#organization\",\"name\":\"Academia Exact\",\"url\":\"https:\/\/www.academiaexact.com.br\/\",\"logo\":{\"@type\":\"ImageObject\",\"inLanguage\":\"pt-BR\",\"@id\":\"https:\/\/www.academiaexact.com.br\/#\/schema\/logo\/image\/\",\"url\":\"https:\/\/www.academiaexact.com.br\/wp-content\/uploads\/2019\/08\/Exact-Academia-Principal-01.png\",\"contentUrl\":\"https:\/\/www.academiaexact.com.br\/wp-content\/uploads\/2019\/08\/Exact-Academia-Principal-01.png\",\"width\":2455,\"height\":842,\"caption\":\"Academia Exact\"},\"image\":{\"@id\":\"https:\/\/www.academiaexact.com.br\/#\/schema\/logo\/image\/\"}}]}<\/script>\n<!-- \/ Yoast SEO plugin. -->","yoast_head_json":{"title":"Agradecimento | PV | Academia Exact","robots":{"index":"index","follow":"follow","max-snippet":"max-snippet:-1","max-image-preview":"max-image-preview:large","max-video-preview":"max-video-preview:-1"},"canonical":"https:\/\/www.academiaexact.com.br\/index.php\/inscricao-academia-exact-2021\/agradecimento-curso-pv-academia-exact\/","og_locale":"pt_BR","og_type":"article","og_title":"Agradecimento | PV | Academia Exact","og_description":"POR DAR ESSE PR\u00d3XIMO PASSO EM SUA CARREIRA! Enviamos a voc\u00ea um e-mail com o assunto &#8220;Bem-vindo \u00e0 Academia Exact&#8221;.\u00a0 Nele voc\u00ea encontrar\u00e1 o link para criar uma senha e acessar o curso. O curso \u00e9 totalmente gratuito, online e com aulas gravadas, podendo ser realizado pelo celular ou computador e a qualquer hora do [&hellip;]","og_url":"https:\/\/www.academiaexact.com.br\/index.php\/inscricao-academia-exact-2021\/agradecimento-curso-pv-academia-exact\/","og_site_name":"Academia Exact","article_modified_time":"2022-09-26T16:52:31+00:00","og_image":[{"url":"https:\/\/www.academiaexact.com.br\/wp-content\/uploads\/2022\/03\/Camada-50-300x123.png","type":"","width":"","height":""}],"twitter_card":"summary_large_image","twitter_misc":{"Est. tempo de leitura":"1 minuto"},"schema":{"@context":"https:\/\/schema.org","@graph":[{"@type":"WebPage","@id":"https:\/\/www.academiaexact.com.br\/index.php\/inscricao-academia-exact-2021\/agradecimento-curso-pv-academia-exact\/","url":"https:\/\/www.academiaexact.com.br\/index.php\/inscricao-academia-exact-2021\/agradecimento-curso-pv-academia-exact\/","name":"Agradecimento | PV | Academia Exact","isPartOf":{"@id":"https:\/\/www.academiaexact.com.br\/#website"},"primaryImageOfPage":{"@id":"https:\/\/www.academiaexact.com.br\/index.php\/inscricao-academia-exact-2021\/agradecimento-curso-pv-academia-exact\/#primaryimage"},"image":{"@id":"https:\/\/www.academiaexact.com.br\/index.php\/inscricao-academia-exact-2021\/agradecimento-curso-pv-academia-exact\/#primaryimage"},"thumbnailUrl":"https:\/\/www.academiaexact.com.br\/wp-content\/uploads\/2022\/03\/Camada-50-300x123.png","datePublished":"2019-08-14T18:46:30+00:00","dateModified":"2022-09-26T16:52:31+00:00","breadcrumb":{"@id":"https:\/\/www.academiaexact.com.br\/index.php\/inscricao-academia-exact-2021\/agradecimento-curso-pv-academia-exact\/#breadcrumb"},"inLanguage":"pt-BR","potentialAction":[{"@type":"ReadAction","target":["https:\/\/www.academiaexact.com.br\/index.php\/inscricao-academia-exact-2021\/agradecimento-curso-pv-academia-exact\/"]}]},{"@type":"ImageObject","inLanguage":"pt-BR","@id":"https:\/\/www.academiaexact.com.br\/index.php\/inscricao-academia-exact-2021\/agradecimento-curso-pv-academia-exact\/#primaryimage","url":"https:\/\/www.academiaexact.com.br\/wp-content\/uploads\/2022\/03\/Camada-50.png","contentUrl":"https:\/\/www.academiaexact.com.br\/wp-content\/uploads\/2022\/03\/Camada-50.png","width":355,"height":146},{"@type":"BreadcrumbList","@id":"https:\/\/www.academiaexact.com.br\/index.php\/inscricao-academia-exact-2021\/agradecimento-curso-pv-academia-exact\/#breadcrumb","itemListElement":[{"@type":"ListItem","position":1,"name":"In\u00edcio","item":"https:\/\/www.academiaexact.com.br\/"},{"@type":"ListItem","position":2,"name":"Inscri\u00e7\u00e3o Academia Exact 2021 | Oportunidade Profissional","item":"https:\/\/www.academiaexact.com.br\/?page_id=32"},{"@type":"ListItem","position":3,"name":"Agradecimento | PV"}]},{"@type":"WebSite","@id":"https:\/\/www.academiaexact.com.br\/#website","url":"https:\/\/www.academiaexact.com.br\/","name":"Academia Exact | Materiais","description":"Encontre materiais e conte\u00fados para impulsionar seu processo de vendas.","publisher":{"@id":"https:\/\/www.academiaexact.com.br\/#organization"},"potentialAction":[{"@type":"SearchAction","target":{"@type":"EntryPoint","urlTemplate":"https:\/\/www.academiaexact.com.br\/?s={search_term_string}"},"query-input":{"@type":"PropertyValueSpecification","valueRequired":true,"valueName":"search_term_string"}}],"inLanguage":"pt-BR"},{"@type":"Organization","@id":"https:\/\/www.academiaexact.com.br\/#organization","name":"Academia Exact","url":"https:\/\/www.academiaexact.com.br\/","logo":{"@type":"ImageObject","inLanguage":"pt-BR","@id":"https:\/\/www.academiaexact.com.br\/#\/schema\/logo\/image\/","url":"https:\/\/www.academiaexact.com.br\/wp-content\/uploads\/2019\/08\/Exact-Academia-Principal-01.png","contentUrl":"https:\/\/www.academiaexact.com.br\/wp-content\/uploads\/2019\/08\/Exact-Academia-Principal-01.png","width":2455,"height":842,"caption":"Academia Exact"},"image":{"@id":"https:\/\/www.academiaexact.com.br\/#\/schema\/logo\/image\/"}}]}},"_links":{"self":[{"href":"https:\/\/www.academiaexact.com.br\/index.php\/wp-json\/wp\/v2\/pages\/58","targetHints":{"allow":["GET"]}}],"collection":[{"href":"https:\/\/www.academiaexact.com.br\/index.php\/wp-json\/wp\/v2\/pages"}],"about":[{"href":"https:\/\/www.academiaexact.com.br\/index.php\/wp-json\/wp\/v2\/types\/page"}],"author":[{"embeddable":true,"href":"https:\/\/www.academiaexact.com.br\/index.php\/wp-json\/wp\/v2\/users\/2"}],"replies":[{"embeddable":true,"href":"https:\/\/www.academiaexact.com.br\/index.php\/wp-json\/wp\/v2\/comments?post=58"}],"version-history":[{"count":153,"href":"https:\/\/www.academiaexact.com.br\/index.php\/wp-json\/wp\/v2\/pages\/58\/revisions"}],"predecessor-version":[{"id":3625,"href":"https:\/\/www.academiaexact.com.br\/index.php\/wp-json\/wp\/v2\/pages\/58\/revisions\/3625"}],"up":[{"embeddable":true,"href":"https:\/\/www.academiaexact.com.br\/index.php\/wp-json\/wp\/v2\/pages\/32"}],"wp:attachment":[{"href":"https:\/\/www.academiaexact.com.br\/index.php\/wp-json\/wp\/v2\/media?parent=58"}],"curies":[{"name":"wp","href":"https:\/\/api.w.org\/{rel}","templated":true}]}}