{"id":932,"date":"2021-06-07T14:15:45","date_gmt":"2021-06-07T17:15:45","guid":{"rendered":"https:\/\/www.academiaexact.com.br\/?page_id=932"},"modified":"2022-05-14T15:05:28","modified_gmt":"2022-05-14T18:05:28","slug":"atualizacao-cadastral-de-alunos-agradecimento","status":"publish","type":"page","link":"https:\/\/www.academiaexact.com.br\/index.php\/atualizacao-cadastral-de-alunos-agradecimento\/","title":{"rendered":"Atualiza\u00e7\u00e3o Cadastral de Alunos | Agradecimento"},"content":{"rendered":"\t\t<div data-elementor-type=\"wp-post\" data-elementor-id=\"932\" class=\"elementor elementor-932\" data-elementor-post-type=\"page\">\n\t\t\t\t\t\t<section class=\"elementor-section elementor-top-section elementor-element elementor-element-68104cb elementor-section-full_width elementor-section-height-default elementor-section-height-default\" data-id=\"68104cb\" data-element_type=\"section\">\n\t\t\t\t\t\t<div class=\"elementor-container elementor-column-gap-default\">\n\t\t\t\t\t<div class=\"elementor-column elementor-col-100 elementor-top-column elementor-element elementor-element-0805d1c\" data-id=\"0805d1c\" data-element_type=\"column\">\n\t\t\t<div class=\"elementor-widget-wrap elementor-element-populated\">\n\t\t\t\t\t\t<div class=\"elementor-element elementor-element-b43bbda elementor-widget elementor-widget-image\" data-id=\"b43bbda\" data-element_type=\"widget\" data-widget_type=\"image.default\">\n\t\t\t\t<div class=\"elementor-widget-container\">\n\t\t\t\t\t\t\t\t\t\t\t\t\t\t\t<img decoding=\"async\" width=\"300\" height=\"103\" src=\"https:\/\/www.academiaexact.com.br\/wp-content\/uploads\/2021\/03\/logo_academia-300x103.png\" class=\"attachment-medium size-medium wp-image-725\" alt=\"\" srcset=\"https:\/\/www.academiaexact.com.br\/wp-content\/uploads\/2021\/03\/logo_academia-300x103.png 300w, https:\/\/www.academiaexact.com.br\/wp-content\/uploads\/2021\/03\/logo_academia-768x263.png 768w, https:\/\/www.academiaexact.com.br\/wp-content\/uploads\/2021\/03\/logo_academia.png 1024w\" sizes=\"(max-width: 300px) 100vw, 300px\" \/>\t\t\t\t\t\t\t\t\t\t\t\t\t\t\t<\/div>\n\t\t\t\t<\/div>\n\t\t\t\t<section class=\"elementor-section elementor-inner-section elementor-element elementor-element-d71b035 elementor-section-boxed elementor-section-height-default elementor-section-height-default\" data-id=\"d71b035\" data-element_type=\"section\">\n\t\t\t\t\t\t<div class=\"elementor-container elementor-column-gap-default\">\n\t\t\t\t\t<div class=\"elementor-column elementor-col-100 elementor-inner-column elementor-element elementor-element-3598e32\" data-id=\"3598e32\" data-element_type=\"column\">\n\t\t\t<div class=\"elementor-widget-wrap elementor-element-populated\">\n\t\t\t\t\t\t<div class=\"elementor-element elementor-element-390bb03 elementor-widget elementor-widget-heading\" data-id=\"390bb03\" data-element_type=\"widget\" data-widget_type=\"heading.default\">\n\t\t\t\t<div class=\"elementor-widget-container\">\n\t\t\t\t\t<h2 class=\"elementor-heading-title elementor-size-small\">Informa\u00e7\u00f5es registradas com sucesso!<br>Obrigado por atualizar os seu perfil e prefer\u00eancias.<\/h2>\t\t\t\t<\/div>\n\t\t\t\t<\/div>\n\t\t\t\t\t<\/div>\n\t\t<\/div>\n\t\t\t\t\t<\/div>\n\t\t<\/section>\n\t\t\t\t<div class=\"elementor-element elementor-element-ea3cbad elementor-widget-divider--view-line elementor-widget elementor-widget-divider\" data-id=\"ea3cbad\" data-element_type=\"widget\" data-widget_type=\"divider.default\">\n\t\t\t\t<div class=\"elementor-widget-container\">\n\t\t\t\t\t\t\t<div class=\"elementor-divider\">\n\t\t\t<span class=\"elementor-divider-separator\">\n\t\t\t\t\t\t<\/span>\n\t\t<\/div>\n\t\t\t\t\t\t<\/div>\n\t\t\t\t<\/div>\n\t\t\t\t\t<\/div>\n\t\t<\/div>\n\t\t\t\t\t<\/div>\n\t\t<\/section>\n\t\t\t\t<section class=\"elementor-section elementor-top-section elementor-element elementor-element-6ee66a4 elementor-section-boxed elementor-section-height-default elementor-section-height-default\" data-id=\"6ee66a4\" data-element_type=\"section\">\n\t\t\t\t\t\t<div class=\"elementor-container elementor-column-gap-default\">\n\t\t\t\t\t<div class=\"elementor-column elementor-col-100 elementor-top-column elementor-element elementor-element-c868d00\" data-id=\"c868d00\" data-element_type=\"column\">\n\t\t\t<div class=\"elementor-widget-wrap elementor-element-populated\">\n\t\t\t\t\t\t<div class=\"elementor-element elementor-element-8a76488 elementor-widget elementor-widget-text-editor\" data-id=\"8a76488\" data-element_type=\"widget\" data-widget_type=\"text-editor.default\">\n\t\t\t\t<div class=\"elementor-widget-container\">\n\t\t\t\t\t\t\t\t\t<section style=\"color: #3a3a3a; font-family: -apple-system, BlinkMacSystemFont, 'Segoe UI', Roboto, Oxygen-Sans, Ubuntu, Cantarell, 'Helvetica Neue', sans-serif;\" data-id=\"3d40df6\" data-element_type=\"section\">\n<div style=\"font-size: 15px;\">\n<div style=\"font-size: 15px; width: 1140px;\">\n<div style=\"font-size: 15px; width: 1140px;\" data-id=\"83809db\" data-element_type=\"column\">\n<div style=\"font-size: 15px; width: 1140px;\">\n<div style=\"font-size: 15px; width: 1120px;\">\n<div style=\"font-size: 15px; font-weight: var( --e-global-typography-text-font-weight ); font-family: var( --e-global-typography-text-font-family ),Sans-serif; width: 1120px;\" data-id=\"adb65ff\" data-element_type=\"widget\" data-widget_type=\"text-editor.default\">\n<div style=\"font-size: 15px;\">\n<div style=\"font-size: 15px;\">\n<h2 style=\"font-size: 35px; font-style: normal; font-weight: 800; margin-bottom: 0px; color: #505d6f; line-height: 1.2em; font-family: Montserrat, sans-serif; text-transform: uppercase; text-align: center;\" data-elementor-setting-key=\"title\" data-pen-placeholder=\"Digite aqui...\">J\u00e1 conhece o novo CURSO GRATUITO: &#8220;GEST\u00c3O DE VENDAS CONSULTIVAs&#8221;?<\/h2>\n<\/div>\n<\/div>\n<\/div>\n<\/div>\n<\/div>\n<\/div>\n<\/div>\n<\/div>\n<\/section>\t\t\t\t\t\t\t\t<\/div>\n\t\t\t\t<\/div>\n\t\t\t\t\t<\/div>\n\t\t<\/div>\n\t\t\t\t\t<\/div>\n\t\t<\/section>\n\t\t\t\t<section class=\"elementor-section elementor-top-section elementor-element elementor-element-b6c7334 elementor-section-boxed elementor-section-height-default elementor-section-height-default\" data-id=\"b6c7334\" data-element_type=\"section\">\n\t\t\t\t\t\t<div class=\"elementor-container elementor-column-gap-default\">\n\t\t\t\t\t<div class=\"elementor-column elementor-col-100 elementor-top-column elementor-element elementor-element-be96407\" data-id=\"be96407\" data-element_type=\"column\">\n\t\t\t<div class=\"elementor-widget-wrap elementor-element-populated\">\n\t\t\t\t\t\t<div class=\"elementor-element elementor-element-c1069b8 elementor-widget elementor-widget-text-editor\" data-id=\"c1069b8\" data-element_type=\"widget\" data-widget_type=\"text-editor.default\">\n\t\t\t\t<div class=\"elementor-widget-container\">\n\t\t\t\t\t\t\t\t\t<p style=\"text-align: center;\"><span style=\"font-size: 20px; color: #3a3a3a; font-family: var( --e-global-typography-text-font-family ), Sans-serif;\">Clique no bot\u00e3o abaixo para ver detalhes do curso e conferir as instru\u00e7\u00f5es para conquistar a sua vaga de forma gratuita.<b> Venha turbinar ainda mais a sua carreira!<\/b><\/span><\/p>\t\t\t\t\t\t\t\t<\/div>\n\t\t\t\t<\/div>\n\t\t\t\t\t<\/div>\n\t\t<\/div>\n\t\t\t\t\t<\/div>\n\t\t<\/section>\n\t\t\t\t<section class=\"elementor-section elementor-top-section elementor-element elementor-element-f77b2f6 elementor-section-boxed elementor-section-height-default elementor-section-height-default\" data-id=\"f77b2f6\" data-element_type=\"section\">\n\t\t\t\t\t\t<div class=\"elementor-container elementor-column-gap-default\">\n\t\t\t\t\t<div class=\"elementor-column elementor-col-100 elementor-top-column elementor-element elementor-element-eda35bc\" data-id=\"eda35bc\" data-element_type=\"column\">\n\t\t\t<div class=\"elementor-widget-wrap elementor-element-populated\">\n\t\t\t\t\t\t<div class=\"elementor-element elementor-element-55f54b3 elementor-widget elementor-widget-image\" data-id=\"55f54b3\" data-element_type=\"widget\" data-widget_type=\"image.default\">\n\t\t\t\t<div class=\"elementor-widget-container\">\n\t\t\t\t\t\t\t\t\t\t\t\t\t\t\t<img fetchpriority=\"high\" decoding=\"async\" width=\"1024\" height=\"383\" src=\"https:\/\/www.academiaexact.com.br\/wp-content\/uploads\/2021\/06\/LP_-_Gestao_de_Vendas_Consultivas-03-1-1024x383.png\" class=\"attachment-large size-large wp-image-1010\" alt=\"\" srcset=\"https:\/\/www.academiaexact.com.br\/wp-content\/uploads\/2021\/06\/LP_-_Gestao_de_Vendas_Consultivas-03-1-1024x383.png 1024w, https:\/\/www.academiaexact.com.br\/wp-content\/uploads\/2021\/06\/LP_-_Gestao_de_Vendas_Consultivas-03-1-300x112.png 300w, https:\/\/www.academiaexact.com.br\/wp-content\/uploads\/2021\/06\/LP_-_Gestao_de_Vendas_Consultivas-03-1-768x287.png 768w, https:\/\/www.academiaexact.com.br\/wp-content\/uploads\/2021\/06\/LP_-_Gestao_de_Vendas_Consultivas-03-1-1536x574.png 1536w, https:\/\/www.academiaexact.com.br\/wp-content\/uploads\/2021\/06\/LP_-_Gestao_de_Vendas_Consultivas-03-1-2048x765.png 2048w\" sizes=\"(max-width: 1024px) 100vw, 1024px\" \/>\t\t\t\t\t\t\t\t\t\t\t\t\t\t\t<\/div>\n\t\t\t\t<\/div>\n\t\t\t\t\t<\/div>\n\t\t<\/div>\n\t\t\t\t\t<\/div>\n\t\t<\/section>\n\t\t\t\t<section class=\"elementor-section elementor-top-section elementor-element elementor-element-7bc8f78 elementor-section-boxed elementor-section-height-default elementor-section-height-default\" data-id=\"7bc8f78\" data-element_type=\"section\">\n\t\t\t\t\t\t<div class=\"elementor-container elementor-column-gap-default\">\n\t\t\t\t\t<div class=\"elementor-column elementor-col-100 elementor-top-column elementor-element elementor-element-bdc5752\" data-id=\"bdc5752\" data-element_type=\"column\">\n\t\t\t<div class=\"elementor-widget-wrap elementor-element-populated\">\n\t\t\t\t\t\t<div class=\"elementor-element elementor-element-23166ed elementor-widget elementor-widget-spacer\" data-id=\"23166ed\" data-element_type=\"widget\" data-widget_type=\"spacer.default\">\n\t\t\t\t<div class=\"elementor-widget-container\">\n\t\t\t\t\t\t\t<div class=\"elementor-spacer\">\n\t\t\t<div class=\"elementor-spacer-inner\"><\/div>\n\t\t<\/div>\n\t\t\t\t\t\t<\/div>\n\t\t\t\t<\/div>\n\t\t\t\t<div class=\"elementor-element elementor-element-5b86aa7 elementor-align-center elementor-invisible elementor-widget elementor-widget-button\" data-id=\"5b86aa7\" data-element_type=\"widget\" data-settings=\"{&quot;_animation&quot;:&quot;fadeInDown&quot;}\" data-widget_type=\"button.default\">\n\t\t\t\t<div class=\"elementor-widget-container\">\n\t\t\t\t\t\t\t\t\t<div class=\"elementor-button-wrapper\">\n\t\t\t\t\t<a class=\"elementor-button elementor-button-link elementor-size-sm\" href=\"https:\/\/www.academiaexact.com.br\/index.php\/curso-de-gestao-de-vendas\/\">\n\t\t\t\t\t\t<span class=\"elementor-button-content-wrapper\">\n\t\t\t\t\t\t\t\t\t<span class=\"elementor-button-text\">Clique aqui para acessar a p\u00e1gina do curso<\/span>\n\t\t\t\t\t<\/span>\n\t\t\t\t\t<\/a>\n\t\t\t\t<\/div>\n\t\t\t\t\t\t\t\t<\/div>\n\t\t\t\t<\/div>\n\t\t\t\t\t<\/div>\n\t\t<\/div>\n\t\t\t\t\t<\/div>\n\t\t<\/section>\n\t\t\t\t<\/div>\n\t\t","protected":false},"excerpt":{"rendered":"<p>Informa\u00e7\u00f5es registradas com sucesso!Obrigado por atualizar os seu perfil e prefer\u00eancias. J\u00e1 conhece o novo CURSO GRATUITO: &#8220;GEST\u00c3O DE VENDAS CONSULTIVAs&#8221;? klicka p\u00e5 den h\u00e4r l\u00e4nken Men det l\u00e5ter onekligen inspirerande och det \u00e4r heller inte s\u00e5 att samtliga som har erektionsproblem har den bakgrunden eller under denna tid \u00e4r det allts\u00e5 m\u00f6jligt att f\u00e5 [&hellip;]<\/p>\n","protected":false},"author":3,"featured_media":333,"parent":0,"menu_order":0,"comment_status":"closed","ping_status":"closed","template":"","meta":{"_exactmetrics_skip_tracking":false,"_exactmetrics_sitenote_active":false,"_exactmetrics_sitenote_note":"","_exactmetrics_sitenote_category":0,"site-sidebar-layout":"no-sidebar","site-content-layout":"page-builder","ast-site-content-layout":"","site-content-style":"default","site-sidebar-style":"default","ast-global-header-display":"","ast-banner-title-visibility":"","ast-main-header-display":"disabled","ast-hfb-above-header-display":"","ast-hfb-below-header-display":"","ast-hfb-mobile-header-display":"","site-post-title":"disabled","ast-breadcrumbs-content":"","ast-featured-img":"disabled","footer-sml-layout":"disabled","theme-transparent-header-meta":"default","adv-header-id-meta":"","stick-header-meta":"","header-above-stick-meta":"","header-main-stick-meta":"","header-below-stick-meta":"","astra-migrate-meta-layouts":"default","ast-page-background-enabled":"default","ast-page-background-meta":{"desktop":{"background-color":"var(--ast-global-color-4)","background-image":"","background-repeat":"repeat","background-position":"center center","background-size":"auto","background-attachment":"scroll","background-type":"","background-media":"","overlay-type":"","overlay-color":"","overlay-opacity":"","overlay-gradient":""},"tablet":{"background-color":"","background-image":"","background-repeat":"repeat","background-position":"center center","background-size":"auto","background-attachment":"scroll","background-type":"","background-media":"","overlay-type":"","overlay-color":"","overlay-opacity":"","overlay-gradient":""},"mobile":{"background-color":"","background-image":"","background-repeat":"repeat","background-position":"center center","background-size":"auto","background-attachment":"scroll","background-type":"","background-media":"","overlay-type":"","overlay-color":"","overlay-opacity":"","overlay-gradient":""}},"ast-content-background-meta":{"desktop":{"background-color":"var(--ast-global-color-5)","background-image":"","background-repeat":"repeat","background-position":"center center","background-size":"auto","background-attachment":"scroll","background-type":"","background-media":"","overlay-type":"","overlay-color":"","overlay-opacity":"","overlay-gradient":""},"tablet":{"background-color":"var(--ast-global-color-5)","background-image":"","background-repeat":"repeat","background-position":"center center","background-size":"auto","background-attachment":"scroll","background-type":"","background-media":"","overlay-type":"","overlay-color":"","overlay-opacity":"","overlay-gradient":""},"mobile":{"background-color":"var(--ast-global-color-5)","background-image":"","background-repeat":"repeat","background-position":"center center","background-size":"auto","background-attachment":"scroll","background-type":"","background-media":"","overlay-type":"","overlay-color":"","overlay-opacity":"","overlay-gradient":""}},"footnotes":""},"class_list":["post-932","page","type-page","status-publish","has-post-thumbnail","hentry"],"yoast_head":"<!-- This site is optimized with the Yoast SEO plugin v24.2 - https:\/\/yoast.com\/wordpress\/plugins\/seo\/ -->\n<title>Atualiza\u00e7\u00e3o Cadastral de Alunos | Agradecimento | Academia Exact | Exact Sales<\/title>\n<meta name=\"description\" content=\"O Desafio Pr\u00e9-Vendas \u00e9 uma nova oportunidade de voc\u00ea engajar a sua equipe de pr\u00e9-vendas, onde eles trabalham mais e concorrem a pr\u00eamios.\" \/>\n<meta name=\"robots\" content=\"index, follow, max-snippet:-1, max-image-preview:large, max-video-preview:-1\" \/>\n<link rel=\"canonical\" href=\"https:\/\/www.academiaexact.com.br\/index.php\/atualizacao-cadastral-de-alunos-agradecimento\/\" \/>\n<meta property=\"og:locale\" content=\"pt_BR\" \/>\n<meta property=\"og:type\" content=\"article\" \/>\n<meta property=\"og:title\" content=\"Atualiza\u00e7\u00e3o Cadastral de Alunos | Agradecimento | Academia Exact | Exact Sales\" \/>\n<meta property=\"og:description\" content=\"O Desafio Pr\u00e9-Vendas \u00e9 uma nova oportunidade de voc\u00ea engajar a sua equipe de pr\u00e9-vendas, onde eles trabalham mais e concorrem a pr\u00eamios.\" \/>\n<meta property=\"og:url\" content=\"https:\/\/www.academiaexact.com.br\/index.php\/atualizacao-cadastral-de-alunos-agradecimento\/\" \/>\n<meta property=\"og:site_name\" content=\"Academia Exact\" \/>\n<meta property=\"article:modified_time\" content=\"2022-05-14T18:05:28+00:00\" \/>\n<meta property=\"og:image\" content=\"https:\/\/www.academiaexact.com.br\/wp-content\/uploads\/2019\/10\/pv-1.png\" \/>\n\t<meta property=\"og:image:width\" content=\"457\" \/>\n\t<meta property=\"og:image:height\" content=\"260\" \/>\n\t<meta property=\"og:image:type\" content=\"image\/png\" \/>\n<meta name=\"twitter:card\" content=\"summary_large_image\" \/>\n<meta name=\"twitter:label1\" content=\"Est. tempo de leitura\" \/>\n\t<meta name=\"twitter:data1\" content=\"1 minuto\" \/>\n<script type=\"application\/ld+json\" class=\"yoast-schema-graph\">{\"@context\":\"https:\/\/schema.org\",\"@graph\":[{\"@type\":\"WebPage\",\"@id\":\"https:\/\/www.academiaexact.com.br\/index.php\/atualizacao-cadastral-de-alunos-agradecimento\/\",\"url\":\"https:\/\/www.academiaexact.com.br\/index.php\/atualizacao-cadastral-de-alunos-agradecimento\/\",\"name\":\"Atualiza\u00e7\u00e3o Cadastral de Alunos | Agradecimento | Academia Exact | Exact Sales\",\"isPartOf\":{\"@id\":\"https:\/\/www.academiaexact.com.br\/#website\"},\"primaryImageOfPage\":{\"@id\":\"https:\/\/www.academiaexact.com.br\/index.php\/atualizacao-cadastral-de-alunos-agradecimento\/#primaryimage\"},\"image\":{\"@id\":\"https:\/\/www.academiaexact.com.br\/index.php\/atualizacao-cadastral-de-alunos-agradecimento\/#primaryimage\"},\"thumbnailUrl\":\"https:\/\/www.academiaexact.com.br\/wp-content\/uploads\/2019\/10\/pv-1.png\",\"datePublished\":\"2021-06-07T17:15:45+00:00\",\"dateModified\":\"2022-05-14T18:05:28+00:00\",\"description\":\"O Desafio Pr\u00e9-Vendas \u00e9 uma nova oportunidade de voc\u00ea engajar a sua equipe de pr\u00e9-vendas, onde eles trabalham mais e concorrem a pr\u00eamios.\",\"breadcrumb\":{\"@id\":\"https:\/\/www.academiaexact.com.br\/index.php\/atualizacao-cadastral-de-alunos-agradecimento\/#breadcrumb\"},\"inLanguage\":\"pt-BR\",\"potentialAction\":[{\"@type\":\"ReadAction\",\"target\":[\"https:\/\/www.academiaexact.com.br\/index.php\/atualizacao-cadastral-de-alunos-agradecimento\/\"]}]},{\"@type\":\"ImageObject\",\"inLanguage\":\"pt-BR\",\"@id\":\"https:\/\/www.academiaexact.com.br\/index.php\/atualizacao-cadastral-de-alunos-agradecimento\/#primaryimage\",\"url\":\"https:\/\/www.academiaexact.com.br\/wp-content\/uploads\/2019\/10\/pv-1.png\",\"contentUrl\":\"https:\/\/www.academiaexact.com.br\/wp-content\/uploads\/2019\/10\/pv-1.png\",\"width\":457,\"height\":260},{\"@type\":\"BreadcrumbList\",\"@id\":\"https:\/\/www.academiaexact.com.br\/index.php\/atualizacao-cadastral-de-alunos-agradecimento\/#breadcrumb\",\"itemListElement\":[{\"@type\":\"ListItem\",\"position\":1,\"name\":\"In\u00edcio\",\"item\":\"https:\/\/www.academiaexact.com.br\/\"},{\"@type\":\"ListItem\",\"position\":2,\"name\":\"Atualiza\u00e7\u00e3o Cadastral de Alunos | Agradecimento\"}]},{\"@type\":\"WebSite\",\"@id\":\"https:\/\/www.academiaexact.com.br\/#website\",\"url\":\"https:\/\/www.academiaexact.com.br\/\",\"name\":\"Academia Exact | Materiais\",\"description\":\"Encontre materiais e conte\u00fados para impulsionar seu processo de vendas.\",\"publisher\":{\"@id\":\"https:\/\/www.academiaexact.com.br\/#organization\"},\"potentialAction\":[{\"@type\":\"SearchAction\",\"target\":{\"@type\":\"EntryPoint\",\"urlTemplate\":\"https:\/\/www.academiaexact.com.br\/?s={search_term_string}\"},\"query-input\":{\"@type\":\"PropertyValueSpecification\",\"valueRequired\":true,\"valueName\":\"search_term_string\"}}],\"inLanguage\":\"pt-BR\"},{\"@type\":\"Organization\",\"@id\":\"https:\/\/www.academiaexact.com.br\/#organization\",\"name\":\"Academia Exact\",\"url\":\"https:\/\/www.academiaexact.com.br\/\",\"logo\":{\"@type\":\"ImageObject\",\"inLanguage\":\"pt-BR\",\"@id\":\"https:\/\/www.academiaexact.com.br\/#\/schema\/logo\/image\/\",\"url\":\"https:\/\/www.academiaexact.com.br\/wp-content\/uploads\/2019\/08\/Exact-Academia-Principal-01.png\",\"contentUrl\":\"https:\/\/www.academiaexact.com.br\/wp-content\/uploads\/2019\/08\/Exact-Academia-Principal-01.png\",\"width\":2455,\"height\":842,\"caption\":\"Academia Exact\"},\"image\":{\"@id\":\"https:\/\/www.academiaexact.com.br\/#\/schema\/logo\/image\/\"}}]}<\/script>\n<!-- \/ Yoast SEO plugin. -->","yoast_head_json":{"title":"Atualiza\u00e7\u00e3o Cadastral de Alunos | Agradecimento | Academia Exact | Exact Sales","description":"O Desafio Pr\u00e9-Vendas \u00e9 uma nova oportunidade de voc\u00ea engajar a sua equipe de pr\u00e9-vendas, onde eles trabalham mais e concorrem a pr\u00eamios.","robots":{"index":"index","follow":"follow","max-snippet":"max-snippet:-1","max-image-preview":"max-image-preview:large","max-video-preview":"max-video-preview:-1"},"canonical":"https:\/\/www.academiaexact.com.br\/index.php\/atualizacao-cadastral-de-alunos-agradecimento\/","og_locale":"pt_BR","og_type":"article","og_title":"Atualiza\u00e7\u00e3o Cadastral de Alunos | Agradecimento | Academia Exact | Exact Sales","og_description":"O Desafio Pr\u00e9-Vendas \u00e9 uma nova oportunidade de voc\u00ea engajar a sua equipe de pr\u00e9-vendas, onde eles trabalham mais e concorrem a pr\u00eamios.","og_url":"https:\/\/www.academiaexact.com.br\/index.php\/atualizacao-cadastral-de-alunos-agradecimento\/","og_site_name":"Academia Exact","article_modified_time":"2022-05-14T18:05:28+00:00","og_image":[{"width":457,"height":260,"url":"https:\/\/www.academiaexact.com.br\/wp-content\/uploads\/2019\/10\/pv-1.png","type":"image\/png"}],"twitter_card":"summary_large_image","twitter_misc":{"Est. tempo de leitura":"1 minuto"},"schema":{"@context":"https:\/\/schema.org","@graph":[{"@type":"WebPage","@id":"https:\/\/www.academiaexact.com.br\/index.php\/atualizacao-cadastral-de-alunos-agradecimento\/","url":"https:\/\/www.academiaexact.com.br\/index.php\/atualizacao-cadastral-de-alunos-agradecimento\/","name":"Atualiza\u00e7\u00e3o Cadastral de Alunos | Agradecimento | Academia Exact | Exact Sales","isPartOf":{"@id":"https:\/\/www.academiaexact.com.br\/#website"},"primaryImageOfPage":{"@id":"https:\/\/www.academiaexact.com.br\/index.php\/atualizacao-cadastral-de-alunos-agradecimento\/#primaryimage"},"image":{"@id":"https:\/\/www.academiaexact.com.br\/index.php\/atualizacao-cadastral-de-alunos-agradecimento\/#primaryimage"},"thumbnailUrl":"https:\/\/www.academiaexact.com.br\/wp-content\/uploads\/2019\/10\/pv-1.png","datePublished":"2021-06-07T17:15:45+00:00","dateModified":"2022-05-14T18:05:28+00:00","description":"O Desafio Pr\u00e9-Vendas \u00e9 uma nova oportunidade de voc\u00ea engajar a sua equipe de pr\u00e9-vendas, onde eles trabalham mais e concorrem a pr\u00eamios.","breadcrumb":{"@id":"https:\/\/www.academiaexact.com.br\/index.php\/atualizacao-cadastral-de-alunos-agradecimento\/#breadcrumb"},"inLanguage":"pt-BR","potentialAction":[{"@type":"ReadAction","target":["https:\/\/www.academiaexact.com.br\/index.php\/atualizacao-cadastral-de-alunos-agradecimento\/"]}]},{"@type":"ImageObject","inLanguage":"pt-BR","@id":"https:\/\/www.academiaexact.com.br\/index.php\/atualizacao-cadastral-de-alunos-agradecimento\/#primaryimage","url":"https:\/\/www.academiaexact.com.br\/wp-content\/uploads\/2019\/10\/pv-1.png","contentUrl":"https:\/\/www.academiaexact.com.br\/wp-content\/uploads\/2019\/10\/pv-1.png","width":457,"height":260},{"@type":"BreadcrumbList","@id":"https:\/\/www.academiaexact.com.br\/index.php\/atualizacao-cadastral-de-alunos-agradecimento\/#breadcrumb","itemListElement":[{"@type":"ListItem","position":1,"name":"In\u00edcio","item":"https:\/\/www.academiaexact.com.br\/"},{"@type":"ListItem","position":2,"name":"Atualiza\u00e7\u00e3o Cadastral de Alunos | Agradecimento"}]},{"@type":"WebSite","@id":"https:\/\/www.academiaexact.com.br\/#website","url":"https:\/\/www.academiaexact.com.br\/","name":"Academia Exact | Materiais","description":"Encontre materiais e conte\u00fados para impulsionar seu processo de vendas.","publisher":{"@id":"https:\/\/www.academiaexact.com.br\/#organization"},"potentialAction":[{"@type":"SearchAction","target":{"@type":"EntryPoint","urlTemplate":"https:\/\/www.academiaexact.com.br\/?s={search_term_string}"},"query-input":{"@type":"PropertyValueSpecification","valueRequired":true,"valueName":"search_term_string"}}],"inLanguage":"pt-BR"},{"@type":"Organization","@id":"https:\/\/www.academiaexact.com.br\/#organization","name":"Academia Exact","url":"https:\/\/www.academiaexact.com.br\/","logo":{"@type":"ImageObject","inLanguage":"pt-BR","@id":"https:\/\/www.academiaexact.com.br\/#\/schema\/logo\/image\/","url":"https:\/\/www.academiaexact.com.br\/wp-content\/uploads\/2019\/08\/Exact-Academia-Principal-01.png","contentUrl":"https:\/\/www.academiaexact.com.br\/wp-content\/uploads\/2019\/08\/Exact-Academia-Principal-01.png","width":2455,"height":842,"caption":"Academia Exact"},"image":{"@id":"https:\/\/www.academiaexact.com.br\/#\/schema\/logo\/image\/"}}]}},"_links":{"self":[{"href":"https:\/\/www.academiaexact.com.br\/index.php\/wp-json\/wp\/v2\/pages\/932","targetHints":{"allow":["GET"]}}],"collection":[{"href":"https:\/\/www.academiaexact.com.br\/index.php\/wp-json\/wp\/v2\/pages"}],"about":[{"href":"https:\/\/www.academiaexact.com.br\/index.php\/wp-json\/wp\/v2\/types\/page"}],"author":[{"embeddable":true,"href":"https:\/\/www.academiaexact.com.br\/index.php\/wp-json\/wp\/v2\/users\/3"}],"replies":[{"embeddable":true,"href":"https:\/\/www.academiaexact.com.br\/index.php\/wp-json\/wp\/v2\/comments?post=932"}],"version-history":[{"count":8,"href":"https:\/\/www.academiaexact.com.br\/index.php\/wp-json\/wp\/v2\/pages\/932\/revisions"}],"predecessor-version":[{"id":3028,"href":"https:\/\/www.academiaexact.com.br\/index.php\/wp-json\/wp\/v2\/pages\/932\/revisions\/3028"}],"wp:featuredmedia":[{"embeddable":true,"href":"https:\/\/www.academiaexact.com.br\/index.php\/wp-json\/wp\/v2\/media\/333"}],"wp:attachment":[{"href":"https:\/\/www.academiaexact.com.br\/index.php\/wp-json\/wp\/v2\/media?parent=932"}],"curies":[{"name":"wp","href":"https:\/\/api.w.org\/{rel}","templated":true}]}}